{"id":349,"date":"2020-06-12T08:45:37","date_gmt":"2020-06-12T08:45:37","guid":{"rendered":"https:\/\/tnc-connect.com\/vn\/?page_id=349"},"modified":"2022-09-20T15:17:34","modified_gmt":"2022-09-20T08:17:34","slug":"gioi-thieu","status":"publish","type":"page","link":"https:\/\/tnc-connect.com\/vn\/gioi-thieu\/","title":{"rendered":"Gi\u1edbi thi\u1ec7u"},"content":{"rendered":"\n  <div class=\"banner has-hover\" id=\"banner-1344885484\">\n          <div class=\"banner-inner fill\">\n        <div class=\"banner-bg fill\" >\n            <div class=\"bg fill bg-fill bg-loaded\"><\/div>\n                                    \n            <div class=\"effect-sliding-glass bg-effect fill no-click\"><\/div>        <\/div>\n        <div class=\"banner-layers container\">\n            <div class=\"fill banner-link\"><\/div>            \n   <div id=\"text-box-681961352\" class=\"text-box banner-layer x0 md-x0 lg-x0 y95 md-y65 lg-y65 res-text\">\n                                <div class=\"text-box-content text dark\">\n              \n              <div class=\"text-inner text-center\">\n                  \n\t<div id=\"text-3272021528\" class=\"text\">\n\t\t\n<h3 class=\"uppercase\"><strong>GI\u1edaI THI\u1ec6U<\/strong><\/h3>\n\t\t\n<style>\n#text-3272021528 {\n  font-size: 1rem;\n}\n@media (min-width:550px) {\n  #text-3272021528 {\n    font-size: 1.5rem;\n  }\n}\n<\/style>\n\t<\/div>\n\t\n              <\/div>\n           <\/div>\n                            \n<style>\n#text-box-681961352 {\n  width: 57%;\n}\n#text-box-681961352 .text-box-content {\n  font-size: 100%;\n}\n@media (min-width:550px) {\n  #text-box-681961352 {\n    width: 33%;\n  }\n}\n<\/style>\n    <\/div>\n \n        <\/div>\n      <\/div>\n\n            \n<style>\n#banner-1344885484 {\n  padding-top: 150px;\n}\n#banner-1344885484 .bg.bg-loaded {\n  background-image: url(https:\/\/tnc-connect.com\/vn\/wp-content\/uploads\/2021\/08\/Buildings-Sky-Scrapers.jpg);\n}\n@media (min-width:550px) {\n  #banner-1344885484 {\n    padding-top: 300px;\n  }\n}\n<\/style>\n  <\/div>\n\n\n<div class=\"row\"  id=\"row-158303088\">\n\n\t<div id=\"col-1762577700\" class=\"col small-12 large-12\"  >\n\t\t<div class=\"col-inner text-right\"  >\n\t\t\t\n\t\t\t\n<h2 class=\"page_caption\" style=\"text-align: justify;\"><img loading=\"lazy\" class=\"alignnone size-full wp-image-389\" src=\"https:\/\/tnc-connect.com\/vn\/wp-content\/uploads\/2021\/08\/q1.png\" alt=\"\" width=\"10\" height=\"10\" \/> L\u1edcI CH\u00c0O T\u1eea GI\u00c1M \u0110\u1ed0C <img loading=\"lazy\" class=\"alignnone size-full wp-image-390\" style=\"margin-bottom: -20px;\" src=\"https:\/\/tnc-connect.com\/vn\/wp-content\/uploads\/2021\/08\/q2.png\" alt=\"\" width=\"10\" height=\"10\" \/><\/h2>\n<p style=\"text-align: justify;\">V\u1edbi h\u01a1n 13 n\u0103m <a href=\"https:\/\/tnc-connect.com\/vn\/tu-van-thanh-lap\/\">t\u01b0 v\u1ea5n \u0111\u1ea7u t\u01b0 cho doanh nghi\u1ec7p Nh\u1eadt B\u1ea3n<\/a> v\u00e0o Vi\u1ec7t Nam, ch\u00fang t\u00f4i hi\u1ec3u nh\u1eefng kh\u00f3 kh\u0103n c\u1ee7a doanh nghi\u1ec7p Nh\u1eadt khi \u0111\u1ea7u t\u01b0 v\u00e0o Vi\u1ec7t Nam kh\u00f4ng ch\u1ec9 r\u00e0o c\u1ea3n v\u1ec1 lu\u1eadt ph\u00e1p, th\u1ee7 t\u1ee5c, thu\u1ebf quan\u2026m\u00e0 c\u00f2n r\u00e0o c\u1ea3n v\u1ec1 suy ngh\u0129, phong t\u1ee5c, t\u1eadp qu\u00e1n \u0111\u1ed1i v\u1edbi lao \u0111\u1ed9ng Vi\u1ec7t Nam.<\/p>\n<p style=\"text-align: justify;\">\u0110\u1ed3ng th\u1eddi Nh\u1eadt B\u1ea3n, Qu\u1ed1c gia ph\u00e1t tri\u1ec3n h\u00e0ng \u0111\u1ea7u v\u1ec1 c\u00f4ng ngh\u1ec7, m\u00e1y m\u00f3c hi\u1ec7n nay \u0111ang \u0111\u1ee9ng tr\u01b0\u1edbc kh\u00f3 kh\u0103n v\u1ec1 t\u1ed1c \u0111\u1ed9 gi\u00e0 ho\u00e1 d\u00e2n s\u1ed1, thi\u1ebfu h\u1ee5t lao \u0111\u1ed9ng tr\u1ea7m tr\u1ecdng. X\u00e2y d\u1ef1ng \u0111\u1ed9i ng\u0169 k\u1ebf c\u1eadn nh\u1eefng th\u00e0nh t\u1ef1u nghi\u00ean c\u1ee9u khoa h\u1ecdc cha \u00f4ng \u0111\u1ec3 l\u1ea1i \u0111ang l\u00e0 m\u1ed9t th\u00e1ch th\u1ee9c c\u1ee7a x\u00e3 h\u1ed9i Nh\u1eadt B\u1ea3n. \u0110\u1ec3 gi\u1ea3i quy\u1ebft v\u1ea5n \u0111\u1ec1 \u0111\u00f3, ch\u00ednh ph\u1ee7 Nh\u1eadt \u0111\u01b0a ra nhi\u1ec1u gi\u1ea3i ph\u00e1p \u0111\u1ec3 ti\u1ebfp nh\u1eadn ngu\u1ed3n nh\u00e2n s\u1ef1 t\u1eeb n\u01b0\u1edbc ngo\u00e0i trong kh\u00e1 nhi\u1ec1u l\u0129nh v\u1ef1c.<\/p>\n<p style=\"text-align: justify;\">\u0110\u00e2y l\u00e0 th\u1eddi c\u01a1, c\u0169ng l\u00e0 th\u00e1ch th\u1ee9c v\u1edbi m\u1ed9t \u0111\u1ea5t n\u01b0\u1edbc \u0111ang tr\u00ean \u0111\u00e0 t\u0103ng tr\u01b0\u1edfng m\u1ea1nh m\u1ebd nh\u01b0 Vi\u1ec7t Nam. Th\u1eddi c\u01a1 v\u00ec \u0111\u1ed9i ng\u0169 lao \u0111\u1ed9ng tr\u1ebb nh\u01b0 Vi\u1ec7t Nam c\u00f3 nhi\u1ec1u c\u01a1 h\u1ed9i \u0111\u1ec3 ti\u1ebfp c\u1eadn v\u00e0 l\u00e0m vi\u1ec7c \u0111\u01b0\u1ee3c t\u1ea1i doanh nghi\u1ec7p Nh\u1eadt B\u1ea3n t\u1ea1i Vi\u1ec7t Nam c\u0169ng nh\u01b0 Nh\u1eadt B\u1ea3n, h\u1ecdc h\u1ecfi c\u00f4ng ngh\u1ec7 v\u00e0 phong c\u00e1ch l\u00e0m vi\u1ec7c chuy\u00ean nghi\u1ec7p c\u1ee7a Nh\u1eadt B\u1ea3n. Nh\u01b0ng \u0111\u00e2y c\u0169ng l\u00e0 th\u00e1ch th\u1ee9c khi b\u1ed9 ph\u1eadn l\u1edbn nh\u00e2n s\u1ef1 Vi\u1ec7t Nam ch\u01b0a \u0111\u00e1p \u1ee9ng h\u1ebft nhu c\u1ea7u tuy\u1ec3n d\u1ee5ng c\u1ee7a doanh nghi\u1ec7p Nh\u1eadt B\u1ea3n.<\/p>\n<p style=\"text-align: justify;\">Ch\u00fang t\u00f4i l\u00e0m vi\u1ec7c tr\u00ean t\u00e2m ni\u1ec7m li\u00ean k\u1ebft nhu c\u1ea7u tuy\u1ec3n d\u1ee5ng c\u1ee7a doanh nghi\u1ec7p Nh\u1eadt v\u00e0 lao \u0111\u1ed9ng tr\u1ebb Vi\u1ec7t Nam v\u1edbi m\u1ed9t m\u1ee9c chi ph\u00ed ph\u00f9 h\u1ee3p nh\u1ea5t, hi\u1ec7u qu\u1ea3, nhanh ch\u00f3ng, \u0111\u00f4i b\u00ean c\u00f9ng c\u00f3 l\u1ee3i.<\/p>\n<p style=\"text-align: justify;\">C\u00e1m \u01a1n Qu\u00fd kh\u00e1ch h\u00e0ng, \u0111\u1ed1i t\u00e1c \u0111\u00e3 tin t\u01b0\u1edfng s\u1eed d\u1ee5ng d\u1ecbch v\u1ee5 c\u1ee7a ch\u00fang t\u00f4i trong th\u1eddi gian qua. Ch\u00fang t\u00f4i s\u1ebd li\u00ean t\u1ee5c c\u1ea3i ti\u1ebfn, suy ngh\u0129 th\u00eam nh\u1eefng gi\u00e1 tr\u1ecb gia t\u0103ng kh\u00e1c, \u0111\u1ec3 t\u0103ng c\u01b0\u1eddng \u0111\u1ed9 t\u00edn nhi\u1ec7m c\u1ee7a kh\u00e1ch h\u00e0ng \u0111\u1ed1i v\u1edbi C\u00f4ng ty.<\/p>\n\t<div class=\"img has-hover x md-x lg-x y md-y lg-y\" id=\"image_1473743155\">\n\t\t\t\t\t\t\t\t<div class=\"img-inner dark\" >\n\t\t\t<img width=\"534\" height=\"221\" src=\"https:\/\/tnc-connect.com\/vn\/wp-content\/uploads\/2021\/08\/signature.png\" class=\"attachment-large size-large\" alt=\"\" loading=\"lazy\" \/>\t\t\t\t\t\t\n\t\t\t\t\t<\/div>\n\t\t\t\t\t\t\t\t\n<style>\n#image_1473743155 {\n  width: 20%;\n}\n@media (min-width:550px) {\n  #image_1473743155 {\n    width: 11%;\n  }\n}\n<\/style>\n\t<\/div>\n\t\n\t\t<\/div>\n\t\t\t<\/div>\n\n\t\n<\/div>\n<div class=\"row\"  id=\"row-1498688002\">\n\n\t<div id=\"col-2030455912\" class=\"col small-12 large-12\"  >\n\t\t<div class=\"col-inner\"  >\n\t\t\t\n\t\t\t\n<h2 style=\"text-align: center;\">H\u1ed2 S\u01a0 C\u00d4NG TY<\/h2>\n<table class=\" aligncenter\" style=\"border-collapse: collapse; width: 100.756%; height: 214px;\">\n<tbody>\n<tr style=\"height: 21px;\">\n<td style=\"width: 50%; height: 21px; text-align: right;\"><span style=\"font-size: 110%;\"><strong>T\u00ean c\u00f4ng ty<\/strong><\/span><\/td>\n<td style=\"width: 50%; height: 21px;\"><span style=\"font-size: 110%;\">C\u00f4ng ty TNHH <a href=\"https:\/\/tnc-connect.com\/vn\/\">TNC-CONNECT<\/a><\/span><\/td>\n<\/tr>\n<tr style=\"height: 21px;\">\n<td style=\"width: 50%; height: 21px; text-align: right;\"><span style=\"font-size: 110%;\"><strong>Th\u00e0nh l\u1eadp<\/strong><\/span><\/td>\n<td style=\"width: 50%; height: 21px;\"><span style=\"font-size: 110%;\">2021<\/span><\/td>\n<\/tr>\n<tr style=\"height: 25px;\">\n<td style=\"width: 50%; height: 25px; text-align: right;\"><span style=\"font-size: 110%;\"><strong>V\u1ed1n \u0111i\u1ec1u l\u1ec7<\/strong><\/span><\/td>\n<td style=\"width: 50%; height: 25px;\"><span style=\"font-size: 110%;\">500.000.000 VN\u0110<\/span><\/td>\n<\/tr>\n<tr style=\"height: 21px;\">\n<td style=\"width: 50%; height: 21px; text-align: right;\"><span style=\"font-size: 110%;\"><strong>L\u0129nh v\u1ef1c kinh doanh<\/strong><\/span><\/td>\n<td style=\"width: 50%; height: 21px;\"><span style=\"font-size: 110%;\">T\u01b0 v\u1ea5n \u0111\u1ea7u t\u01b0, gi\u1edbi thi\u1ec7u lao \u0111\u1ed9ng<\/span><\/td>\n<\/tr>\n<tr style=\"height: 21px;\">\n<td style=\"width: 50%; height: 21px; text-align: right;\"><span style=\"font-size: 110%;\"><strong>M\u00e3 s\u1ed1 thu\u1ebf<\/strong><\/span><\/td>\n<td style=\"width: 50%; height: 21px;\"><span style=\"font-size: 110%;\">0109724314<\/span><\/td>\n<\/tr>\n<tr style=\"height: 21px;\">\n<td style=\"width: 50%; height: 21px; text-align: right;\"><span style=\"font-size: 110%;\"><strong>Website<\/strong><\/span><\/td>\n<td style=\"width: 50%; height: 21px;\"><span style=\"font-size: 110%;\">https:\/\/tnc-connect.com<\/span><\/td>\n<\/tr>\n<tr style=\"height: 21px;\">\n<td style=\"width: 50%; height: 21px; text-align: right;\"><span style=\"font-size: 110%;\"><strong>\u0110\u1ecba ch\u1ec9<\/strong><\/span><\/td>\n<td style=\"width: 50%; height: 21px;\"><span style=\"font-size: 110%;\">Ph\u00f2ng 201B, t\u1ea7ng 2 t\u00f2a nh\u00e0 V-Tower, 649 Kim M\u00e3, Ng\u1ecdc Kh\u00e1nh, Ba \u0110\u00ecnh, H\u00e0 N\u1ed9i<\/span><\/td>\n<\/tr>\n<tr style=\"height: 21px;\">\n<td style=\"width: 50%; height: 21px; text-align: right;\"><span style=\"font-size: 110%;\"><strong>\u0110i\u1ec7n tho\u1ea1i<\/strong><\/span><\/td>\n<td style=\"width: 50%; height: 21px;\"><span style=\"font-size: 110%;\">0916825378<\/span><\/td>\n<\/tr>\n<tr style=\"height: 21px;\">\n<td style=\"width: 50%; height: 21px; text-align: right;\"><span style=\"font-size: 110%;\"><strong>Email<\/strong><\/span><\/td>\n<td style=\"width: 50%; height: 21px;\"><span style=\"font-size: 110%;\">support@tnc-connect.com<\/span><\/td>\n<\/tr>\n<\/tbody>\n<\/table>\n<p>\u00a0<\/p>\n<p>\u00a0<\/p>\n<p>\u00a0<\/p>\n\t\t<\/div>\n\t\t\t<\/div>\n\n\t\n<\/div>\n\t<div id=\"text-2252116679\" class=\"text\">\n\t\t\n\t\t\n<style>\n#text-2252116679 {\n  text-align: center;\n}\n<\/style>\n\t<\/div>\n\t\n","protected":false},"excerpt":{"rendered":"","protected":false},"author":1,"featured_media":0,"parent":0,"menu_order":0,"comment_status":"closed","ping_status":"closed","template":"page-blank.php","meta":[],"yoast_head":"<!-- This site is optimized with the Yoast SEO plugin v16.9 - https:\/\/yoast.com\/wordpress\/plugins\/seo\/ -->\n<title>Gi\u1edbi thi\u1ec7u - TNC Connect<\/title>\n<meta name=\"robots\" content=\"index, follow, max-snippet:-1, max-image-preview:large, max-video-preview:-1\" \/>\n<link rel=\"canonical\" href=\"https:\/\/tnc-connect.com\/vn\/gioi-thieu\/\" \/>\n<meta property=\"og:locale\" content=\"vi_VN\" \/>\n<meta property=\"og:type\" content=\"article\" \/>\n<meta property=\"og:title\" content=\"Gi\u1edbi thi\u1ec7u - TNC Connect\" \/>\n<meta property=\"og:url\" content=\"https:\/\/tnc-connect.com\/vn\/gioi-thieu\/\" \/>\n<meta property=\"og:site_name\" content=\"TNC Connect\" \/>\n<meta property=\"article:modified_time\" content=\"2022-09-20T08:17:34+00:00\" \/>\n<meta property=\"og:image\" content=\"https:\/\/tnc-connect.com\/vn\/wp-content\/uploads\/2021\/08\/q1.png\" \/>\n<meta name=\"twitter:card\" content=\"summary_large_image\" \/>\n<meta name=\"twitter:label1\" content=\"\u01af\u1edbc t\u00ednh th\u1eddi gian \u0111\u1ecdc\" \/>\n\t<meta name=\"twitter:data1\" content=\"3 ph\u00fat\" \/>\n<script type=\"application\/ld+json\" class=\"yoast-schema-graph\">{\"@context\":\"https:\/\/schema.org\",\"@graph\":[{\"@type\":\"WebSite\",\"@id\":\"https:\/\/tnc-connect.com\/vn\/#website\",\"url\":\"https:\/\/tnc-connect.com\/vn\/\",\"name\":\"TNC Connect\",\"description\":\"\",\"potentialAction\":[{\"@type\":\"SearchAction\",\"target\":{\"@type\":\"EntryPoint\",\"urlTemplate\":\"https:\/\/tnc-connect.com\/vn\/?s={search_term_string}\"},\"query-input\":\"required name=search_term_string\"}],\"inLanguage\":\"vi\"},{\"@type\":\"ImageObject\",\"@id\":\"https:\/\/tnc-connect.com\/vn\/gioi-thieu\/#primaryimage\",\"inLanguage\":\"vi\",\"url\":\"https:\/\/tnc-connect.com\/vn\/wp-content\/uploads\/2021\/08\/q1.png\",\"contentUrl\":\"https:\/\/tnc-connect.com\/vn\/wp-content\/uploads\/2021\/08\/q1.png\",\"width\":10,\"height\":10},{\"@type\":\"WebPage\",\"@id\":\"https:\/\/tnc-connect.com\/vn\/gioi-thieu\/#webpage\",\"url\":\"https:\/\/tnc-connect.com\/vn\/gioi-thieu\/\",\"name\":\"Gi\\u1edbi thi\\u1ec7u - TNC Connect\",\"isPartOf\":{\"@id\":\"https:\/\/tnc-connect.com\/vn\/#website\"},\"primaryImageOfPage\":{\"@id\":\"https:\/\/tnc-connect.com\/vn\/gioi-thieu\/#primaryimage\"},\"datePublished\":\"2020-06-12T08:45:37+00:00\",\"dateModified\":\"2022-09-20T08:17:34+00:00\",\"breadcrumb\":{\"@id\":\"https:\/\/tnc-connect.com\/vn\/gioi-thieu\/#breadcrumb\"},\"inLanguage\":\"vi\",\"potentialAction\":[{\"@type\":\"ReadAction\",\"target\":[\"https:\/\/tnc-connect.com\/vn\/gioi-thieu\/\"]}]},{\"@type\":\"BreadcrumbList\",\"@id\":\"https:\/\/tnc-connect.com\/vn\/gioi-thieu\/#breadcrumb\",\"itemListElement\":[{\"@type\":\"ListItem\",\"position\":1,\"name\":\"Trang ch\\u1ee7\",\"item\":\"https:\/\/tnc-connect.com\/vn\/\"},{\"@type\":\"ListItem\",\"position\":2,\"name\":\"Gi\\u1edbi thi\\u1ec7u\"}]}]}<\/script>\n<!-- \/ Yoast SEO plugin. -->","yoast_head_json":{"title":"Gi\u1edbi thi\u1ec7u - TNC Connect","robots":{"index":"index","follow":"follow","max-snippet":"max-snippet:-1","max-image-preview":"max-image-preview:large","max-video-preview":"max-video-preview:-1"},"canonical":"https:\/\/tnc-connect.com\/vn\/gioi-thieu\/","og_locale":"vi_VN","og_type":"article","og_title":"Gi\u1edbi thi\u1ec7u - TNC Connect","og_url":"https:\/\/tnc-connect.com\/vn\/gioi-thieu\/","og_site_name":"TNC Connect","article_modified_time":"2022-09-20T08:17:34+00:00","og_image":[{"url":"https:\/\/tnc-connect.com\/vn\/wp-content\/uploads\/2021\/08\/q1.png"}],"twitter_card":"summary_large_image","twitter_misc":{"\u01af\u1edbc t\u00ednh th\u1eddi gian \u0111\u1ecdc":"3 ph\u00fat"},"schema":{"@context":"https:\/\/schema.org","@graph":[{"@type":"WebSite","@id":"https:\/\/tnc-connect.com\/vn\/#website","url":"https:\/\/tnc-connect.com\/vn\/","name":"TNC Connect","description":"","potentialAction":[{"@type":"SearchAction","target":{"@type":"EntryPoint","urlTemplate":"https:\/\/tnc-connect.com\/vn\/?s={search_term_string}"},"query-input":"required name=search_term_string"}],"inLanguage":"vi"},{"@type":"ImageObject","@id":"https:\/\/tnc-connect.com\/vn\/gioi-thieu\/#primaryimage","inLanguage":"vi","url":"https:\/\/tnc-connect.com\/vn\/wp-content\/uploads\/2021\/08\/q1.png","contentUrl":"https:\/\/tnc-connect.com\/vn\/wp-content\/uploads\/2021\/08\/q1.png","width":10,"height":10},{"@type":"WebPage","@id":"https:\/\/tnc-connect.com\/vn\/gioi-thieu\/#webpage","url":"https:\/\/tnc-connect.com\/vn\/gioi-thieu\/","name":"Gi\u1edbi thi\u1ec7u - TNC Connect","isPartOf":{"@id":"https:\/\/tnc-connect.com\/vn\/#website"},"primaryImageOfPage":{"@id":"https:\/\/tnc-connect.com\/vn\/gioi-thieu\/#primaryimage"},"datePublished":"2020-06-12T08:45:37+00:00","dateModified":"2022-09-20T08:17:34+00:00","breadcrumb":{"@id":"https:\/\/tnc-connect.com\/vn\/gioi-thieu\/#breadcrumb"},"inLanguage":"vi","potentialAction":[{"@type":"ReadAction","target":["https:\/\/tnc-connect.com\/vn\/gioi-thieu\/"]}]},{"@type":"BreadcrumbList","@id":"https:\/\/tnc-connect.com\/vn\/gioi-thieu\/#breadcrumb","itemListElement":[{"@type":"ListItem","position":1,"name":"Trang ch\u1ee7","item":"https:\/\/tnc-connect.com\/vn\/"},{"@type":"ListItem","position":2,"name":"Gi\u1edbi thi\u1ec7u"}]}]}},"_links":{"self":[{"href":"https:\/\/tnc-connect.com\/vn\/wp-json\/wp\/v2\/pages\/349"}],"collection":[{"href":"https:\/\/tnc-connect.com\/vn\/wp-json\/wp\/v2\/pages"}],"about":[{"href":"https:\/\/tnc-connect.com\/vn\/wp-json\/wp\/v2\/types\/page"}],"author":[{"embeddable":true,"href":"https:\/\/tnc-connect.com\/vn\/wp-json\/wp\/v2\/users\/1"}],"replies":[{"embeddable":true,"href":"https:\/\/tnc-connect.com\/vn\/wp-json\/wp\/v2\/comments?post=349"}],"version-history":[{"count":27,"href":"https:\/\/tnc-connect.com\/vn\/wp-json\/wp\/v2\/pages\/349\/revisions"}],"predecessor-version":[{"id":1000,"href":"https:\/\/tnc-connect.com\/vn\/wp-json\/wp\/v2\/pages\/349\/revisions\/1000"}],"wp:attachment":[{"href":"https:\/\/tnc-connect.com\/vn\/wp-json\/wp\/v2\/media?parent=349"}],"curies":[{"name":"wp","href":"https:\/\/api.w.org\/{rel}","templated":true}]}}