{"id":353,"date":"2020-06-12T08:46:31","date_gmt":"2020-06-12T08:46:31","guid":{"rendered":"https:\/\/tnc-connect.com\/vn\/?page_id=353"},"modified":"2022-09-20T15:15:06","modified_gmt":"2022-09-20T08:15:06","slug":"lien-he","status":"publish","type":"page","link":"https:\/\/tnc-connect.com\/vn\/lien-he\/","title":{"rendered":"Li\u00ean h\u1ec7"},"content":{"rendered":"\t<section class=\"section\" id=\"section_776543711\">\n\t\t<div class=\"bg section-bg fill bg-fill bg-loaded bg-loaded\" >\n\n\t\t\t\n\t\t\t\n\t\t\t\n\n\t\t<\/div>\n\n\t\t<div class=\"section-content relative\">\n\t\t\t\n\n  <div class=\"banner has-hover\" id=\"banner-283909101\">\n          <div class=\"banner-inner fill\">\n        <div class=\"banner-bg fill\" >\n            <div class=\"bg fill bg-fill bg-loaded\"><\/div>\n                        <div class=\"overlay\"><\/div>            \n            <div class=\"effect-sliding-glass bg-effect fill no-click\"><\/div>        <\/div>\n        <div class=\"banner-layers container\">\n            <div class=\"fill banner-link\"><\/div>            \n   <div id=\"text-box-1564826991\" class=\"text-box banner-layer x5 md-x5 lg-x5 y80 md-y80 lg-y80 res-text\">\n                                <div class=\"text-box-content text dark\">\n              \n              <div class=\"text-inner text-center\">\n                  \n\t<div id=\"text-881526436\" class=\"text\">\n\t\t\n<h3 class=\"uppercase\"><strong>LI\u00caN H\u1ec6<\/strong><\/h3>\n\t\t\n<style>\n#text-881526436 {\n  text-align: left;\n}\n<\/style>\n\t<\/div>\n\t\n              <\/div>\n           <\/div>\n                            \n<style>\n#text-box-1564826991 {\n  width: 76%;\n}\n#text-box-1564826991 .text-box-content {\n  font-size: 100%;\n}\n@media (min-width:550px) {\n  #text-box-1564826991 {\n    width: 60%;\n  }\n}\n<\/style>\n    <\/div>\n \n        <\/div>\n      <\/div>\n\n            \n<style>\n#banner-283909101 {\n  padding-top: 200px;\n}\n#banner-283909101 .bg.bg-loaded {\n  background-image: url(https:\/\/tnc-connect.com\/vn\/wp-content\/uploads\/2020\/06\/new1-1241x800.jpg);\n}\n#banner-283909101 .overlay {\n  background-color: rgba(0, 0, 0, 0.61);\n}\n@media (min-width:550px) {\n  #banner-283909101 {\n    padding-top: 300px;\n  }\n}\n<\/style>\n  <\/div>\n\n\n\t<div id=\"gap-1871699095\" class=\"gap-element clearfix\" style=\"display:block; height:auto;\">\n\t\t\n<style>\n#gap-1871699095 {\n  padding-top: 35px;\n}\n<\/style>\n\t<\/div>\n\t\n<div class=\"row align-center\"  id=\"row-1900549340\">\n\n\t<div id=\"col-793094191\" class=\"col medium-8 small-12 large-8\"  >\n\t\t<div class=\"col-inner\"  >\n\t\t\t\n\t\t\t\n<h2 style=\"text-align: center;\">\u0110I\u1ec6N THO\u1ea0I<\/h2>\n<div class=\"text-center\"><div class=\"is-divider divider clearfix\" ><\/div><\/div>\n<h3 style=\"text-align: center;\">Japanese: (+84)916.626.035 &#8211; Mr. Endo<\/h3>\n<div class=\"text-center\"><div class=\"is-divider divider clearfix\" ><\/div><\/div>\n<h3 style=\"text-align: center;\">Vietnamese: (+84)916.825.378 &#8211; Ms. Thuy<\/h3>\n\t\t<\/div>\n\t\t\t<\/div>\n\n\t\n<\/div>\n<div class=\"row\"  id=\"row-2025515820\">\n\n\t<div id=\"col-1915330748\" class=\"col small-12 large-12\"  >\n\t\t<div class=\"col-inner\"  >\n\t\t\t\n\t\t\t\n<p style=\"text-align: center;\"><em>L\u00e0m vi\u1ec7c t\u1ea5t c\u1ea3 c\u00e1c ng\u00e0y trong tu\u1ea7n v\u00e0 c\u00e1c ng\u00e0y l\u1ec5<\/em><\/p>\n\t\t<\/div>\n\t\t\t<\/div>\n\n\t\n<\/div>\n<div class=\"row\"  id=\"row-1905227706\">\n\n\t<div id=\"col-1779851668\" class=\"col small-12 large-12\"  >\n\t\t<div class=\"col-inner\"  >\n\t\t\t\n\t\t\t\n<h1 style=\"text-align: center;\">\u0110\u1ecaA CH\u1ec8<\/h1>\n<div class=\"text-center\"><div class=\"is-divider divider clearfix\" ><\/div><\/div>\n<p style=\"text-align: center;\">Ph\u00f2ng 201B, t\u1ea7ng 2, t\u00f2a nh\u00e0 V-Tower, s\u1ed1 649 Kim M\u00e3, Ng\u1ecdc Kh\u00e1nh, B\u00e0 \u0110\u00ecnh, H\u00e0 N\u1ed9i<\/p>\n<h2 style=\"text-align: center;\">EMAIL<\/h2>\n<div class=\"text-center\"><div class=\"is-divider divider clearfix\" ><\/div><\/div>\n<p style=\"text-align: center;\">support@tnc-connect.com<\/p>\n<div class=\"row\"  id=\"row-704901129\">\n\n\t<div id=\"col-992842402\" class=\"col small-12 large-12\"  >\n\t\t<div class=\"col-inner\"  >\n\t\t\t\n\t\t\t\n<h2 style=\"text-align: center;\">MAP<\/h2>\n<div class=\"text-center\"><div class=\"is-divider divider clearfix\" ><\/div><\/div>\n<div class=\"row\"  id=\"row-581450634\">\n\n\t<div id=\"col-927577111\" class=\"col small-12 large-12\"  >\n\t\t<div class=\"col-inner\"  >\n\t\t\t\n\t\t\t\n\t<div class=\"img has-hover x md-x lg-x y md-y lg-y\" id=\"image_1617574667\">\n\t\t\t\t\t\t\t\t<div class=\"img-inner image-zoom dark\" >\n\t\t\t<img width=\"1020\" height=\"612\" src=\"https:\/\/tnc-connect.com\/vn\/wp-content\/uploads\/2021\/08\/map-1333x800.png\" class=\"attachment-large size-large\" alt=\"\" loading=\"lazy\" srcset=\"https:\/\/tnc-connect.com\/vn\/wp-content\/uploads\/2021\/08\/map-1333x800.png 1333w, https:\/\/tnc-connect.com\/vn\/wp-content\/uploads\/2021\/08\/map-666x400.png 666w, https:\/\/tnc-connect.com\/vn\/wp-content\/uploads\/2021\/08\/map-768x461.png 768w, https:\/\/tnc-connect.com\/vn\/wp-content\/uploads\/2021\/08\/map.png 1341w\" sizes=\"(max-width: 1020px) 100vw, 1020px\" \/>\t\t\t\t\t\t\n\t\t\t\t\t<\/div>\n\t\t\t\t\t\t\t\t\n<style>\n#image_1617574667 {\n  width: 100%;\n}\n<\/style>\n\t<\/div>\n\t\n\t\t<\/div>\n\t\t\t<\/div>\n\n\t\n<\/div>\n\t\t<\/div>\n\t\t\t<\/div>\n\n\t\n<\/div>\n\t\t<\/div>\n\t\t\t<\/div>\n\n\t\n<\/div>\n\t\t<\/div>\n\n\t\t\n<style>\n#section_776543711 {\n  padding-top: 0px;\n  padding-bottom: 0px;\n}\n<\/style>\n\t<\/section>\n\t\n","protected":false},"excerpt":{"rendered":"","protected":false},"author":1,"featured_media":0,"parent":0,"menu_order":0,"comment_status":"closed","ping_status":"closed","template":"page-blank.php","meta":[],"yoast_head":"<!-- This site is optimized with the Yoast SEO plugin v16.9 - https:\/\/yoast.com\/wordpress\/plugins\/seo\/ -->\n<title>Li\u00ean h\u1ec7 - TNC Connect<\/title>\n<meta name=\"robots\" content=\"index, follow, max-snippet:-1, max-image-preview:large, max-video-preview:-1\" \/>\n<link rel=\"canonical\" href=\"https:\/\/tnc-connect.com\/vn\/lien-he\/\" \/>\n<meta property=\"og:locale\" content=\"vi_VN\" \/>\n<meta property=\"og:type\" content=\"article\" \/>\n<meta property=\"og:title\" content=\"Li\u00ean h\u1ec7 - TNC Connect\" \/>\n<meta property=\"og:url\" content=\"https:\/\/tnc-connect.com\/vn\/lien-he\/\" \/>\n<meta property=\"og:site_name\" content=\"TNC Connect\" \/>\n<meta property=\"article:modified_time\" content=\"2022-09-20T08:15:06+00:00\" \/>\n<meta property=\"og:image\" content=\"https:\/\/tnc-connect.com\/vn\/wp-content\/uploads\/2022\/03\/logo5.png\" \/>\n\t<meta property=\"og:image:width\" content=\"2012\" \/>\n\t<meta property=\"og:image:height\" content=\"1484\" \/>\n<meta name=\"twitter:card\" content=\"summary_large_image\" \/>\n<meta name=\"twitter:label1\" content=\"\u01af\u1edbc t\u00ednh th\u1eddi gian \u0111\u1ecdc\" \/>\n\t<meta name=\"twitter:data1\" content=\"1 ph\u00fat\" \/>\n<script type=\"application\/ld+json\" class=\"yoast-schema-graph\">{\"@context\":\"https:\/\/schema.org\",\"@graph\":[{\"@type\":\"WebSite\",\"@id\":\"https:\/\/tnc-connect.com\/vn\/#website\",\"url\":\"https:\/\/tnc-connect.com\/vn\/\",\"name\":\"TNC Connect\",\"description\":\"\",\"potentialAction\":[{\"@type\":\"SearchAction\",\"target\":{\"@type\":\"EntryPoint\",\"urlTemplate\":\"https:\/\/tnc-connect.com\/vn\/?s={search_term_string}\"},\"query-input\":\"required name=search_term_string\"}],\"inLanguage\":\"vi\"},{\"@type\":\"WebPage\",\"@id\":\"https:\/\/tnc-connect.com\/vn\/lien-he\/#webpage\",\"url\":\"https:\/\/tnc-connect.com\/vn\/lien-he\/\",\"name\":\"Li\\u00ean h\\u1ec7 - TNC Connect\",\"isPartOf\":{\"@id\":\"https:\/\/tnc-connect.com\/vn\/#website\"},\"datePublished\":\"2020-06-12T08:46:31+00:00\",\"dateModified\":\"2022-09-20T08:15:06+00:00\",\"breadcrumb\":{\"@id\":\"https:\/\/tnc-connect.com\/vn\/lien-he\/#breadcrumb\"},\"inLanguage\":\"vi\",\"potentialAction\":[{\"@type\":\"ReadAction\",\"target\":[\"https:\/\/tnc-connect.com\/vn\/lien-he\/\"]}]},{\"@type\":\"BreadcrumbList\",\"@id\":\"https:\/\/tnc-connect.com\/vn\/lien-he\/#breadcrumb\",\"itemListElement\":[{\"@type\":\"ListItem\",\"position\":1,\"name\":\"Trang ch\\u1ee7\",\"item\":\"https:\/\/tnc-connect.com\/vn\/\"},{\"@type\":\"ListItem\",\"position\":2,\"name\":\"Li\\u00ean h\\u1ec7\"}]}]}<\/script>\n<!-- \/ Yoast SEO plugin. -->","yoast_head_json":{"title":"Li\u00ean h\u1ec7 - TNC Connect","robots":{"index":"index","follow":"follow","max-snippet":"max-snippet:-1","max-image-preview":"max-image-preview:large","max-video-preview":"max-video-preview:-1"},"canonical":"https:\/\/tnc-connect.com\/vn\/lien-he\/","og_locale":"vi_VN","og_type":"article","og_title":"Li\u00ean h\u1ec7 - TNC Connect","og_url":"https:\/\/tnc-connect.com\/vn\/lien-he\/","og_site_name":"TNC Connect","article_modified_time":"2022-09-20T08:15:06+00:00","og_image":[{"width":2012,"height":1484,"url":"https:\/\/tnc-connect.com\/vn\/wp-content\/uploads\/2022\/03\/logo5.png","path":"\/home\/tncconnec\/domains\/tnc-connect.com\/public_html\/vn\/wp-content\/uploads\/2022\/03\/logo5.png","size":"full","id":746,"alt":"","pixels":2985808,"type":"image\/png"}],"twitter_card":"summary_large_image","twitter_misc":{"\u01af\u1edbc t\u00ednh th\u1eddi gian \u0111\u1ecdc":"1 ph\u00fat"},"schema":{"@context":"https:\/\/schema.org","@graph":[{"@type":"WebSite","@id":"https:\/\/tnc-connect.com\/vn\/#website","url":"https:\/\/tnc-connect.com\/vn\/","name":"TNC Connect","description":"","potentialAction":[{"@type":"SearchAction","target":{"@type":"EntryPoint","urlTemplate":"https:\/\/tnc-connect.com\/vn\/?s={search_term_string}"},"query-input":"required name=search_term_string"}],"inLanguage":"vi"},{"@type":"WebPage","@id":"https:\/\/tnc-connect.com\/vn\/lien-he\/#webpage","url":"https:\/\/tnc-connect.com\/vn\/lien-he\/","name":"Li\u00ean h\u1ec7 - TNC Connect","isPartOf":{"@id":"https:\/\/tnc-connect.com\/vn\/#website"},"datePublished":"2020-06-12T08:46:31+00:00","dateModified":"2022-09-20T08:15:06+00:00","breadcrumb":{"@id":"https:\/\/tnc-connect.com\/vn\/lien-he\/#breadcrumb"},"inLanguage":"vi","potentialAction":[{"@type":"ReadAction","target":["https:\/\/tnc-connect.com\/vn\/lien-he\/"]}]},{"@type":"BreadcrumbList","@id":"https:\/\/tnc-connect.com\/vn\/lien-he\/#breadcrumb","itemListElement":[{"@type":"ListItem","position":1,"name":"Trang ch\u1ee7","item":"https:\/\/tnc-connect.com\/vn\/"},{"@type":"ListItem","position":2,"name":"Li\u00ean h\u1ec7"}]}]}},"_links":{"self":[{"href":"https:\/\/tnc-connect.com\/vn\/wp-json\/wp\/v2\/pages\/353"}],"collection":[{"href":"https:\/\/tnc-connect.com\/vn\/wp-json\/wp\/v2\/pages"}],"about":[{"href":"https:\/\/tnc-connect.com\/vn\/wp-json\/wp\/v2\/types\/page"}],"author":[{"embeddable":true,"href":"https:\/\/tnc-connect.com\/vn\/wp-json\/wp\/v2\/users\/1"}],"replies":[{"embeddable":true,"href":"https:\/\/tnc-connect.com\/vn\/wp-json\/wp\/v2\/comments?post=353"}],"version-history":[{"count":9,"href":"https:\/\/tnc-connect.com\/vn\/wp-json\/wp\/v2\/pages\/353\/revisions"}],"predecessor-version":[{"id":998,"href":"https:\/\/tnc-connect.com\/vn\/wp-json\/wp\/v2\/pages\/353\/revisions\/998"}],"wp:attachment":[{"href":"https:\/\/tnc-connect.com\/vn\/wp-json\/wp\/v2\/media?parent=353"}],"curies":[{"name":"wp","href":"https:\/\/api.w.org\/{rel}","templated":true}]}}