{"id":633,"date":"2021-08-25T15:56:09","date_gmt":"2021-08-25T08:56:09","guid":{"rendered":"https:\/\/tnc-connect.com\/vn\/?page_id=633"},"modified":"2021-08-25T17:12:03","modified_gmt":"2021-08-25T10:12:03","slug":"tu-van-lao-dong","status":"publish","type":"page","link":"https:\/\/tnc-connect.com\/vn\/tu-van-lao-dong\/","title":{"rendered":"T\u01b0 v\u1ea5n lao \u0111\u1ed9ng"},"content":{"rendered":"<div class=\"slider-wrapper relative\" id=\"slider-1223081147\" >\n    <div class=\"slider slider-nav-circle slider-nav-large slider-nav-light slider-style-normal\"\n        data-flickity-options='{\n            \"cellAlign\": \"center\",\n            \"imagesLoaded\": true,\n            \"lazyLoad\": 1,\n            \"freeScroll\": false,\n            \"wrapAround\": true,\n            \"autoPlay\": 6000,\n            \"pauseAutoPlayOnHover\" : true,\n            \"prevNextButtons\": true,\n            \"contain\" : true,\n            \"adaptiveHeight\" : true,\n            \"dragThreshold\" : 10,\n            \"percentPosition\": true,\n            \"pageDots\": true,\n            \"rightToLeft\": false,\n            \"draggable\": true,\n            \"selectedAttraction\": 0.1,\n            \"parallax\" : 0,\n            \"friction\": 0.6        }'\n        >\n        \n\n  <div class=\"banner has-hover\" id=\"banner-408331550\">\n          <div class=\"banner-inner fill\">\n        <div class=\"banner-bg fill\" >\n            <div class=\"bg fill bg-fill bg-loaded\"><\/div>\n                                    \n            <div class=\"effect-sliding-glass bg-effect fill no-click\"><\/div>        <\/div>\n        <div class=\"banner-layers container\">\n            <div class=\"fill banner-link\"><\/div>            \n   <div id=\"text-box-1890341519\" class=\"text-box banner-layer x5 md-x0 lg-x0 y90 md-y90 lg-y90 res-text\">\n                                <div class=\"text-box-content text dark\">\n              \n              <div class=\"text-inner text-center\">\n                  \n<h2 class=\"uppercase\" style=\"text-align: left;\">T\u01af V\u1ea4N LAO \u0110\u1ed8NG<\/h2>\n              <\/div>\n           <\/div>\n                            \n<style>\n#text-box-1890341519 {\n  width: 85%;\n}\n#text-box-1890341519 .text-box-content {\n  font-size: 100%;\n}\n@media (min-width:550px) {\n  #text-box-1890341519 {\n    width: 50%;\n  }\n}\n<\/style>\n    <\/div>\n \n        <\/div>\n      <\/div>\n\n            \n<style>\n#banner-408331550 {\n  padding-top: 150px;\n}\n#banner-408331550 .bg.bg-loaded {\n  background-image: url(https:\/\/tnc-connect.com\/vn\/wp-content\/uploads\/2021\/08\/Buildings-Sky-Scrapers.jpg);\n}\n#banner-408331550 .bg {\n  background-position: 0% 100%;\n}\n@media (min-width:550px) {\n  #banner-408331550 {\n    padding-top: 300px;\n  }\n}\n<\/style>\n  <\/div>\n\n\n     <\/div>\n\n     <div class=\"loading-spin dark large centered\"><\/div>\n\n     <\/div>\n\n\n<div class=\"row row-box-shadow-1 row-box-shadow-5-hover\"  id=\"row-190788053\">\n\n\t<div id=\"col-1998261484\" class=\"col medium-4 small-6 large-4\"  >\n\t\t<div class=\"col-inner\"  >\n\t\t\t\n\t\t\t\n\n  <div class=\"banner has-hover\" id=\"banner-628377119\">\n          <div class=\"banner-inner fill\">\n        <div class=\"banner-bg fill\" >\n            <div class=\"bg fill bg-fill bg-loaded\"><\/div>\n                        <div class=\"overlay\"><\/div>            \n\t<div class=\"is-border is-dashed\"\n\t\tstyle=\"border-color:rgba(0, 0, 0, 0.16);border-width:1px 1px 1px 1px;margin:10px 10px 10px 10px;\">\n\t<\/div>\n                    <\/div>\n        <div class=\"banner-layers container\">\n            <a class=\"fill\" href=\"https:\/\/tnc-connect.com\/vn\/work-permit\/\"  ><div class=\"fill banner-link\"><\/div><\/a>            \n   <div id=\"text-box-1330417766\" class=\"text-box banner-layer x50 md-x50 lg-x50 y50 md-y50 lg-y50 res-text\">\n                                <div class=\"text-box-content text dark\">\n              \n              <div class=\"text-inner text-center\">\n                  \n\t<div id=\"text-3895559582\" class=\"text\">\n\t\t\n<h3 class=\"uppercase\" style=\"text-align: center;\"><a href=\"https:\/\/tnc-connect.com\/vn\/work-permit\/\"><span style=\"font-size: 100%;\"><strong>Work permit<\/strong><\/span><\/a><\/h3>\n\t\t\n<style>\n#text-3895559582 {\n  text-align: center;\n}\n<\/style>\n\t<\/div>\n\t\n              <\/div>\n           <\/div>\n                            \n<style>\n#text-box-1330417766 {\n  width: 60%;\n}\n#text-box-1330417766 .text-box-content {\n  font-size: 100%;\n}\n@media (min-width:550px) {\n  #text-box-1330417766 {\n    width: 68%;\n  }\n}\n<\/style>\n    <\/div>\n \n        <\/div>\n      <\/div>\n\n            \n<style>\n#banner-628377119 {\n  padding-top: 160px;\n}\n#banner-628377119 .bg.bg-loaded {\n  background-image: 4116;\n}\n#banner-628377119 .overlay {\n  background-color: rgba(0, 0, 0, 0.06);\n}\n#banner-628377119 .bg {\n  background-position: 50% 12%;\n}\n<\/style>\n  <\/div>\n\n\n\t\t<\/div>\n\t\t\t<\/div>\n\n\t\n\n\t<div id=\"col-334339600\" class=\"col medium-4 small-6 large-4\"  >\n\t\t<div class=\"col-inner\"  >\n\t\t\t\n\t\t\t\n\n  <div class=\"banner has-hover\" id=\"banner-78015712\">\n          <div class=\"banner-inner fill\">\n        <div class=\"banner-bg fill\" >\n            <div class=\"bg fill bg-fill bg-loaded\"><\/div>\n                        <div class=\"overlay\"><\/div>            \n\t<div class=\"is-border is-dashed\"\n\t\tstyle=\"border-color:rgba(0, 0, 0, 0.16);border-width:1px 1px 1px 1px;margin:10px 10px 10px 10px;\">\n\t<\/div>\n                    <\/div>\n        <div class=\"banner-layers container\">\n            <a class=\"fill\" href=\"https:\/\/tnc-connect.com\/vn\/gia-han-visa-viet-nam\/\"  ><div class=\"fill banner-link\"><\/div><\/a>            \n   <div id=\"text-box-983308432\" class=\"text-box banner-layer x50 md-x50 lg-x50 y50 md-y50 lg-y50 res-text\">\n                                <div class=\"text-box-content text dark\">\n              \n              <div class=\"text-inner text-center\">\n                  \n<h3 class=\"uppercase\"><a href=\"https:\/\/tnc-connect.com\/vn\/gia-han-visa-viet-nam\/\"><strong>GIA H\u1ea0N VISA<\/strong><\/a><\/h3>\n              <\/div>\n           <\/div>\n                            \n<style>\n#text-box-983308432 {\n  width: 60%;\n}\n#text-box-983308432 .text-box-content {\n  font-size: 100%;\n}\n@media (min-width:550px) {\n  #text-box-983308432 {\n    width: 68%;\n  }\n}\n<\/style>\n    <\/div>\n \n        <\/div>\n      <\/div>\n\n            \n<style>\n#banner-78015712 {\n  padding-top: 160px;\n}\n#banner-78015712 .bg.bg-loaded {\n  background-image: 4116;\n}\n#banner-78015712 .overlay {\n  background-color: rgba(0, 0, 0, 0.06);\n}\n#banner-78015712 .bg {\n  background-position: 50% 12%;\n}\n<\/style>\n  <\/div>\n\n\n\t\t<\/div>\n\t\t\t<\/div>\n\n\t\n\n\t<div id=\"col-1150387804\" class=\"col medium-4 small-6 large-4\"  >\n\t\t<div class=\"col-inner\"  >\n\t\t\t\n\t\t\t\n\n  <div class=\"banner has-hover\" id=\"banner-27846560\">\n          <div class=\"banner-inner fill\">\n        <div class=\"banner-bg fill\" >\n            <div class=\"bg fill bg-fill bg-loaded\"><\/div>\n                        <div class=\"overlay\"><\/div>            \n\t<div class=\"is-border is-dashed\"\n\t\tstyle=\"border-color:rgba(0, 0, 0, 0.16);border-width:1px 1px 1px 1px;margin:10px 10px 10px 10px;\">\n\t<\/div>\n                    <\/div>\n        <div class=\"banner-layers container\">\n            <a class=\"fill\" href=\"https:\/\/tnc-connect.com\/vn\/the-tam-tru\/\"  ><div class=\"fill banner-link\"><\/div><\/a>            \n   <div id=\"text-box-1910728137\" class=\"text-box banner-layer x50 md-x50 lg-x50 y50 md-y50 lg-y50 res-text\">\n                                <div class=\"text-box-content text dark\">\n              \n              <div class=\"text-inner text-center\">\n                  \n<h3 class=\"uppercase\"><a href=\"https:\/\/tnc-connect.com\/vn\/the-tam-tru\/\"><strong>TH\u1eba T\u1ea0M TR\u00da<\/strong><\/a><\/h3>\n              <\/div>\n           <\/div>\n                            \n<style>\n#text-box-1910728137 {\n  width: 60%;\n}\n#text-box-1910728137 .text-box-content {\n  font-size: 100%;\n}\n@media (min-width:550px) {\n  #text-box-1910728137 {\n    width: 68%;\n  }\n}\n<\/style>\n    <\/div>\n \n        <\/div>\n      <\/div>\n\n            \n<style>\n#banner-27846560 {\n  padding-top: 160px;\n}\n#banner-27846560 .bg.bg-loaded {\n  background-image: 4116;\n}\n#banner-27846560 .overlay {\n  background-color: rgba(0, 0, 0, 0.06);\n}\n#banner-27846560 .bg {\n  background-position: 50% 12%;\n}\n<\/style>\n  <\/div>\n\n\n\t\t<\/div>\n\t\t\t<\/div>\n\n\t\n\n\t<div id=\"col-7679864\" class=\"col medium-4 small-6 large-4\"  >\n\t\t<div class=\"col-inner\"  >\n\t\t\t\n\t\t\t\n\n  <div class=\"banner has-hover\" id=\"banner-528332812\">\n          <div class=\"banner-inner fill\">\n        <div class=\"banner-bg fill\" >\n            <div class=\"bg fill bg-fill bg-loaded\"><\/div>\n                        <div class=\"overlay\"><\/div>            \n\t<div class=\"is-border is-dashed\"\n\t\tstyle=\"border-color:rgba(0, 0, 0, 0.16);border-width:1px 1px 1px 1px;margin:10px 10px 10px 10px;\">\n\t<\/div>\n                    <\/div>\n        <div class=\"banner-layers container\">\n            <a class=\"fill\" href=\"https:\/\/tnc-connect.com\/vn\/mien-thi-thuc\/\"  ><div class=\"fill banner-link\"><\/div><\/a>            \n   <div id=\"text-box-123264685\" class=\"text-box banner-layer x50 md-x50 lg-x50 y50 md-y50 lg-y50 res-text\">\n                                <div class=\"text-box-content text dark\">\n              \n              <div class=\"text-inner text-center\">\n                  \n<h3 class=\"uppercase\"><a href=\"https:\/\/tnc-connect.com\/vn\/mien-thi-thuc\/\"><strong>MI\u1ec4N TH\u1eca TH\u1ef0C<\/strong><\/a><\/h3>\n              <\/div>\n           <\/div>\n                            \n<style>\n#text-box-123264685 {\n  width: 60%;\n}\n#text-box-123264685 .text-box-content {\n  font-size: 100%;\n}\n@media (min-width:550px) {\n  #text-box-123264685 {\n    width: 68%;\n  }\n}\n<\/style>\n    <\/div>\n \n        <\/div>\n      <\/div>\n\n            \n<style>\n#banner-528332812 {\n  padding-top: 160px;\n}\n#banner-528332812 .bg.bg-loaded {\n  background-image: 4116;\n}\n#banner-528332812 .overlay {\n  background-color: rgba(0, 0, 0, 0.06);\n}\n#banner-528332812 .bg {\n  background-position: 50% 12%;\n}\n<\/style>\n  <\/div>\n\n\n\t\t<\/div>\n\t\t\t<\/div>\n\n\t\n\n\t<div id=\"col-797326419\" class=\"col medium-4 small-6 large-4\"  >\n\t\t<div class=\"col-inner\"  >\n\t\t\t\n\t\t\t\n\n  <div class=\"banner has-hover\" id=\"banner-2106495276\">\n          <div class=\"banner-inner fill\">\n        <div class=\"banner-bg fill\" >\n            <div class=\"bg fill bg-fill bg-loaded\"><\/div>\n                        <div class=\"overlay\"><\/div>            \n\t<div class=\"is-border is-dashed\"\n\t\tstyle=\"border-color:rgba(0, 0, 0, 0.16);border-width:1px 1px 1px 1px;margin:10px 10px 10px 10px;\">\n\t<\/div>\n                    <\/div>\n        <div class=\"banner-layers container\">\n            <a class=\"fill\" href=\"https:\/\/tnc-connect.com\/vn\/ly-lich-tu-phap\/\"  ><div class=\"fill banner-link\"><\/div><\/a>            \n   <div id=\"text-box-130079638\" class=\"text-box banner-layer x50 md-x50 lg-x50 y50 md-y50 lg-y50 res-text\">\n                                <div class=\"text-box-content text dark\">\n              \n              <div class=\"text-inner text-center\">\n                  \n<h3 class=\"uppercase\"><a href=\"https:\/\/tnc-connect.com\/vn\/ly-lich-tu-phap\/\"><strong>L\u00dd L\u1ecaCH T\u01af PH\u00c1P<\/strong><\/a><\/h3>\n              <\/div>\n           <\/div>\n                            \n<style>\n#text-box-130079638 {\n  width: 60%;\n}\n#text-box-130079638 .text-box-content {\n  font-size: 100%;\n}\n@media (min-width:550px) {\n  #text-box-130079638 {\n    width: 68%;\n  }\n}\n<\/style>\n    <\/div>\n \n        <\/div>\n      <\/div>\n\n            \n<style>\n#banner-2106495276 {\n  padding-top: 160px;\n}\n#banner-2106495276 .bg.bg-loaded {\n  background-image: 4116;\n}\n#banner-2106495276 .overlay {\n  background-color: rgba(0, 0, 0, 0.06);\n}\n#banner-2106495276 .bg {\n  background-position: 50% 12%;\n}\n<\/style>\n  <\/div>\n\n\n\t\t<\/div>\n\t\t\t<\/div>\n\n\t\n\n\t<div id=\"col-376225292\" class=\"col medium-4 small-6 large-4\"  >\n\t\t<div class=\"col-inner\"  >\n\t\t\t\n\t\t\t\n\n  <div class=\"banner has-hover\" id=\"banner-1542585576\">\n          <div class=\"banner-inner fill\">\n        <div class=\"banner-bg fill\" >\n            <div class=\"bg fill bg-fill bg-loaded\"><\/div>\n                        <div class=\"overlay\"><\/div>            \n\t<div class=\"is-border is-dashed\"\n\t\tstyle=\"border-color:rgba(0, 0, 0, 0.16);border-width:1px 1px 1px 1px;margin:10px 10px 10px 10px;\">\n\t<\/div>\n                    <\/div>\n        <div class=\"banner-layers container\">\n            <a class=\"fill\" href=\"https:\/\/tnc-connect.com\/vn\/thu-tuc-hop-phap-hoa-lanh-su\/\"  ><div class=\"fill banner-link\"><\/div><\/a>            \n   <div id=\"text-box-694035226\" class=\"text-box banner-layer x50 md-x50 lg-x50 y50 md-y50 lg-y50 res-text\">\n                                <div class=\"text-box-content text dark\">\n              \n              <div class=\"text-inner text-center\">\n                  \n<h3 class=\"uppercase\"><a href=\"https:\/\/tnc-connect.com\/vn\/thu-tuc-hop-phap-hoa-lanh-su\/\"><strong>H\u1ee2P PH\u00c1P H\u00d3A L\u00c3NH S\u1ef0<\/strong><\/a><\/h3>\n              <\/div>\n           <\/div>\n                            \n<style>\n#text-box-694035226 {\n  width: 60%;\n}\n#text-box-694035226 .text-box-content {\n  font-size: 100%;\n}\n@media (min-width:550px) {\n  #text-box-694035226 {\n    width: 68%;\n  }\n}\n<\/style>\n    <\/div>\n \n        <\/div>\n      <\/div>\n\n            \n<style>\n#banner-1542585576 {\n  padding-top: 160px;\n}\n#banner-1542585576 .bg.bg-loaded {\n  background-image: 4116;\n}\n#banner-1542585576 .overlay {\n  background-color: rgba(0, 0, 0, 0.06);\n}\n#banner-1542585576 .bg {\n  background-position: 50% 12%;\n}\n<\/style>\n  <\/div>\n\n\n\t\t<\/div>\n\t\t\t<\/div>\n\n\t\n\n\t<div id=\"col-1192267721\" class=\"col medium-4 small-6 large-4\"  >\n\t\t<div class=\"col-inner\"  >\n\t\t\t\n\t\t\t\n\n  <div class=\"banner has-hover\" id=\"banner-677162066\">\n          <div class=\"banner-inner fill\">\n        <div class=\"banner-bg fill\" >\n            <div class=\"bg fill bg-fill bg-loaded\"><\/div>\n                        <div class=\"overlay\"><\/div>            \n\t<div class=\"is-border is-dashed\"\n\t\tstyle=\"border-color:rgba(0, 0, 0, 0.16);border-width:1px 1px 1px 1px;margin:10px 10px 10px 10px;\">\n\t<\/div>\n                    <\/div>\n        <div class=\"banner-layers container\">\n            <a class=\"fill\" href=\"https:\/\/tnc-connect.com\/vn\/dang-ky-ket-hon\/\"  ><div class=\"fill banner-link\"><\/div><\/a>            \n   <div id=\"text-box-1360199396\" class=\"text-box banner-layer x50 md-x50 lg-x50 y50 md-y50 lg-y50 res-text\">\n                                <div class=\"text-box-content text dark\">\n              \n              <div class=\"text-inner text-center\">\n                  \n<h3 class=\"uppercase\"><a href=\"https:\/\/tnc-connect.com\/vn\/dang-ky-ket-hon\/\"><strong>\u0110\u0102NG K\u00dd K\u1ebeT H\u00d4N<\/strong><\/a><\/h3>\n              <\/div>\n           <\/div>\n                            \n<style>\n#text-box-1360199396 {\n  width: 60%;\n}\n#text-box-1360199396 .text-box-content {\n  font-size: 100%;\n}\n@media (min-width:550px) {\n  #text-box-1360199396 {\n    width: 68%;\n  }\n}\n<\/style>\n    <\/div>\n \n        <\/div>\n      <\/div>\n\n            \n<style>\n#banner-677162066 {\n  padding-top: 160px;\n}\n#banner-677162066 .bg.bg-loaded {\n  background-image: 4116;\n}\n#banner-677162066 .overlay {\n  background-color: rgba(0, 0, 0, 0.06);\n}\n#banner-677162066 .bg {\n  background-position: 50% 12%;\n}\n<\/style>\n  <\/div>\n\n\n\t\t<\/div>\n\t\t\t<\/div>\n\n\t\n\n\t<div id=\"col-1561790011\" class=\"col medium-4 small-6 large-4\"  >\n\t\t<div class=\"col-inner\"  >\n\t\t\t\n\t\t\t\n\n  <div class=\"banner has-hover\" id=\"banner-1120086950\">\n          <div class=\"banner-inner fill\">\n        <div class=\"banner-bg fill\" >\n            <div class=\"bg fill bg-fill bg-loaded\"><\/div>\n                        <div class=\"overlay\"><\/div>            \n\t<div class=\"is-border is-dashed\"\n\t\tstyle=\"border-color:rgba(0, 0, 0, 0.16);border-width:1px 1px 1px 1px;margin:10px 10px 10px 10px;\">\n\t<\/div>\n                    <\/div>\n        <div class=\"banner-layers container\">\n            <a class=\"fill\" href=\"https:\/\/tnc-connect.com\/vn\/cong-van-nhap-canh\/\"  ><div class=\"fill banner-link\"><\/div><\/a>            \n   <div id=\"text-box-418975303\" class=\"text-box banner-layer x50 md-x50 lg-x50 y50 md-y50 lg-y50 res-text\">\n                                <div class=\"text-box-content text dark\">\n              \n              <div class=\"text-inner text-center\">\n                  \n<h3 class=\"uppercase\"><a href=\"https:\/\/tnc-connect.com\/vn\/cong-van-nhap-canh\/\"><strong>C\u00d4NG V\u0102N NH\u1eacP C\u1ea2NH<\/strong><\/a><\/h3>\n              <\/div>\n           <\/div>\n                            \n<style>\n#text-box-418975303 {\n  width: 60%;\n}\n#text-box-418975303 .text-box-content {\n  font-size: 100%;\n}\n@media (min-width:550px) {\n  #text-box-418975303 {\n    width: 85%;\n  }\n}\n<\/style>\n    <\/div>\n \n        <\/div>\n      <\/div>\n\n            \n<style>\n#banner-1120086950 {\n  padding-top: 160px;\n}\n#banner-1120086950 .bg.bg-loaded {\n  background-image: 4110;\n}\n#banner-1120086950 .overlay {\n  background-color: rgba(0, 0, 0, 0.06);\n}\n#banner-1120086950 .bg {\n  background-position: 60% 18%;\n}\n<\/style>\n  <\/div>\n\n\n\t\t<\/div>\n\t\t\t<\/div>\n\n\t\n\n\t<div id=\"col-2133558568\" class=\"col medium-4 small-12 large-4\"  >\n\t\t<div class=\"col-inner\"  >\n\t\t\t\n\t\t\t\n\n  <div class=\"banner has-hover\" id=\"banner-323100832\">\n          <div class=\"banner-inner fill\">\n        <div class=\"banner-bg fill\" >\n            <div class=\"bg fill bg-fill bg-loaded\"><\/div>\n                        <div class=\"overlay\"><\/div>            \n\t<div class=\"is-border is-dashed\"\n\t\tstyle=\"border-color:rgba(0, 0, 0, 0.16);border-width:1px 1px 1px 1px;margin:10px 10px 10px 10px;\">\n\t<\/div>\n                    <\/div>\n        <div class=\"banner-layers container\">\n            <a class=\"fill\" href=\"https:\/\/tnc-connect.com\/vn\/chuyen-doi-bang-lai-xe-viet-nam\/\"  ><div class=\"fill banner-link\"><\/div><\/a>            \n   <div id=\"text-box-782251380\" class=\"text-box banner-layer x50 md-x50 lg-x50 y50 md-y50 lg-y50 res-text\">\n                                <div class=\"text-box-content text dark\">\n              \n              <div class=\"text-inner text-center\">\n                  \n<h3 class=\"uppercase\"><a href=\"https:\/\/tnc-connect.com\/vn\/chuyen-doi-bang-lai-xe-viet-nam\/\"><strong>CHUY\u1ec2N \u0110\u1ed4I B\u1eb0NG L\u00c1I XE<\/strong><\/a><\/h3>\n              <\/div>\n           <\/div>\n                            \n<style>\n#text-box-782251380 {\n  width: 88%;\n}\n#text-box-782251380 .text-box-content {\n  font-size: 100%;\n}\n@media (min-width:550px) {\n  #text-box-782251380 {\n    width: 68%;\n  }\n}\n<\/style>\n    <\/div>\n \n        <\/div>\n      <\/div>\n\n            \n<style>\n#banner-323100832 {\n  padding-top: 160px;\n}\n#banner-323100832 .bg.bg-loaded {\n  background-image: 4117;\n}\n#banner-323100832 .overlay {\n  background-color: rgba(0, 0, 0, 0.06);\n}\n#banner-323100832 .bg {\n  background-position: 51% 35%;\n}\n<\/style>\n  <\/div>\n\n\n\t\t<\/div>\n\t\t\t<\/div>\n\n\t\n<\/div>\n\t<div id=\"gap-28278026\" class=\"gap-element clearfix\" style=\"display:block; height:auto;\">\n\t\t\n<style>\n#gap-28278026 {\n  padding-top: 58px;\n}\n<\/style>\n\t<\/div>\n\t\n","protected":false},"excerpt":{"rendered":"","protected":false},"author":2,"featured_media":0,"parent":0,"menu_order":0,"comment_status":"closed","ping_status":"closed","template":"page-blank.php","meta":[],"yoast_head":"<!-- This site is optimized with the Yoast SEO plugin v16.9 - https:\/\/yoast.com\/wordpress\/plugins\/seo\/ -->\n<title>T\u01b0 v\u1ea5n lao \u0111\u1ed9ng - TNC Connect<\/title>\n<meta name=\"robots\" content=\"index, follow, max-snippet:-1, max-image-preview:large, max-video-preview:-1\" \/>\n<link rel=\"canonical\" href=\"https:\/\/tnc-connect.com\/vn\/tu-van-lao-dong\/\" \/>\n<meta property=\"og:locale\" content=\"vi_VN\" \/>\n<meta property=\"og:type\" content=\"article\" \/>\n<meta property=\"og:title\" content=\"T\u01b0 v\u1ea5n lao \u0111\u1ed9ng - TNC Connect\" \/>\n<meta property=\"og:url\" content=\"https:\/\/tnc-connect.com\/vn\/tu-van-lao-dong\/\" \/>\n<meta property=\"og:site_name\" content=\"TNC Connect\" \/>\n<meta property=\"article:modified_time\" content=\"2021-08-25T10:12:03+00:00\" \/>\n<meta property=\"og:image\" content=\"https:\/\/tnc-connect.com\/vn\/wp-content\/uploads\/2022\/03\/logo5.png\" \/>\n\t<meta property=\"og:image:width\" content=\"2012\" \/>\n\t<meta property=\"og:image:height\" content=\"1484\" \/>\n<meta name=\"twitter:card\" content=\"summary_large_image\" \/>\n<meta name=\"twitter:label1\" content=\"\u01af\u1edbc t\u00ednh th\u1eddi gian \u0111\u1ecdc\" \/>\n\t<meta name=\"twitter:data1\" content=\"3 ph\u00fat\" \/>\n<script type=\"application\/ld+json\" class=\"yoast-schema-graph\">{\"@context\":\"https:\/\/schema.org\",\"@graph\":[{\"@type\":\"WebSite\",\"@id\":\"https:\/\/tnc-connect.com\/vn\/#website\",\"url\":\"https:\/\/tnc-connect.com\/vn\/\",\"name\":\"TNC Connect\",\"description\":\"\",\"potentialAction\":[{\"@type\":\"SearchAction\",\"target\":{\"@type\":\"EntryPoint\",\"urlTemplate\":\"https:\/\/tnc-connect.com\/vn\/?s={search_term_string}\"},\"query-input\":\"required name=search_term_string\"}],\"inLanguage\":\"vi\"},{\"@type\":\"WebPage\",\"@id\":\"https:\/\/tnc-connect.com\/vn\/tu-van-lao-dong\/#webpage\",\"url\":\"https:\/\/tnc-connect.com\/vn\/tu-van-lao-dong\/\",\"name\":\"T\\u01b0 v\\u1ea5n lao \\u0111\\u1ed9ng - TNC Connect\",\"isPartOf\":{\"@id\":\"https:\/\/tnc-connect.com\/vn\/#website\"},\"datePublished\":\"2021-08-25T08:56:09+00:00\",\"dateModified\":\"2021-08-25T10:12:03+00:00\",\"breadcrumb\":{\"@id\":\"https:\/\/tnc-connect.com\/vn\/tu-van-lao-dong\/#breadcrumb\"},\"inLanguage\":\"vi\",\"potentialAction\":[{\"@type\":\"ReadAction\",\"target\":[\"https:\/\/tnc-connect.com\/vn\/tu-van-lao-dong\/\"]}]},{\"@type\":\"BreadcrumbList\",\"@id\":\"https:\/\/tnc-connect.com\/vn\/tu-van-lao-dong\/#breadcrumb\",\"itemListElement\":[{\"@type\":\"ListItem\",\"position\":1,\"name\":\"Trang ch\\u1ee7\",\"item\":\"https:\/\/tnc-connect.com\/vn\/\"},{\"@type\":\"ListItem\",\"position\":2,\"name\":\"T\\u01b0 v\\u1ea5n lao \\u0111\\u1ed9ng\"}]}]}<\/script>\n<!-- \/ Yoast SEO plugin. -->","yoast_head_json":{"title":"T\u01b0 v\u1ea5n lao \u0111\u1ed9ng - TNC Connect","robots":{"index":"index","follow":"follow","max-snippet":"max-snippet:-1","max-image-preview":"max-image-preview:large","max-video-preview":"max-video-preview:-1"},"canonical":"https:\/\/tnc-connect.com\/vn\/tu-van-lao-dong\/","og_locale":"vi_VN","og_type":"article","og_title":"T\u01b0 v\u1ea5n lao \u0111\u1ed9ng - TNC Connect","og_url":"https:\/\/tnc-connect.com\/vn\/tu-van-lao-dong\/","og_site_name":"TNC Connect","article_modified_time":"2021-08-25T10:12:03+00:00","og_image":[{"width":2012,"height":1484,"url":"https:\/\/tnc-connect.com\/vn\/wp-content\/uploads\/2022\/03\/logo5.png","path":"\/home\/tncconnec\/domains\/tnc-connect.com\/public_html\/vn\/wp-content\/uploads\/2022\/03\/logo5.png","size":"full","id":746,"alt":"","pixels":2985808,"type":"image\/png"}],"twitter_card":"summary_large_image","twitter_misc":{"\u01af\u1edbc t\u00ednh th\u1eddi gian \u0111\u1ecdc":"3 ph\u00fat"},"schema":{"@context":"https:\/\/schema.org","@graph":[{"@type":"WebSite","@id":"https:\/\/tnc-connect.com\/vn\/#website","url":"https:\/\/tnc-connect.com\/vn\/","name":"TNC Connect","description":"","potentialAction":[{"@type":"SearchAction","target":{"@type":"EntryPoint","urlTemplate":"https:\/\/tnc-connect.com\/vn\/?s={search_term_string}"},"query-input":"required name=search_term_string"}],"inLanguage":"vi"},{"@type":"WebPage","@id":"https:\/\/tnc-connect.com\/vn\/tu-van-lao-dong\/#webpage","url":"https:\/\/tnc-connect.com\/vn\/tu-van-lao-dong\/","name":"T\u01b0 v\u1ea5n lao \u0111\u1ed9ng - TNC Connect","isPartOf":{"@id":"https:\/\/tnc-connect.com\/vn\/#website"},"datePublished":"2021-08-25T08:56:09+00:00","dateModified":"2021-08-25T10:12:03+00:00","breadcrumb":{"@id":"https:\/\/tnc-connect.com\/vn\/tu-van-lao-dong\/#breadcrumb"},"inLanguage":"vi","potentialAction":[{"@type":"ReadAction","target":["https:\/\/tnc-connect.com\/vn\/tu-van-lao-dong\/"]}]},{"@type":"BreadcrumbList","@id":"https:\/\/tnc-connect.com\/vn\/tu-van-lao-dong\/#breadcrumb","itemListElement":[{"@type":"ListItem","position":1,"name":"Trang ch\u1ee7","item":"https:\/\/tnc-connect.com\/vn\/"},{"@type":"ListItem","position":2,"name":"T\u01b0 v\u1ea5n lao \u0111\u1ed9ng"}]}]}},"_links":{"self":[{"href":"https:\/\/tnc-connect.com\/vn\/wp-json\/wp\/v2\/pages\/633"}],"collection":[{"href":"https:\/\/tnc-connect.com\/vn\/wp-json\/wp\/v2\/pages"}],"about":[{"href":"https:\/\/tnc-connect.com\/vn\/wp-json\/wp\/v2\/types\/page"}],"author":[{"embeddable":true,"href":"https:\/\/tnc-connect.com\/vn\/wp-json\/wp\/v2\/users\/2"}],"replies":[{"embeddable":true,"href":"https:\/\/tnc-connect.com\/vn\/wp-json\/wp\/v2\/comments?post=633"}],"version-history":[{"count":7,"href":"https:\/\/tnc-connect.com\/vn\/wp-json\/wp\/v2\/pages\/633\/revisions"}],"predecessor-version":[{"id":670,"href":"https:\/\/tnc-connect.com\/vn\/wp-json\/wp\/v2\/pages\/633\/revisions\/670"}],"wp:attachment":[{"href":"https:\/\/tnc-connect.com\/vn\/wp-json\/wp\/v2\/media?parent=633"}],"curies":[{"name":"wp","href":"https:\/\/api.w.org\/{rel}","templated":true}]}}