{"id":678,"date":"2021-08-25T17:27:58","date_gmt":"2021-08-25T10:27:58","guid":{"rendered":"https:\/\/tnc-connect.com\/vn\/?page_id=678"},"modified":"2021-08-25T18:07:41","modified_gmt":"2021-08-25T11:07:41","slug":"gioi-thieu-ky-su-di-nhat","status":"publish","type":"page","link":"https:\/\/tnc-connect.com\/vn\/gioi-thieu-ky-su-di-nhat\/","title":{"rendered":"Gi\u1edbi thi\u1ec7u k\u1ef9 s\u01b0 \u0111i Nh\u1eadt"},"content":{"rendered":"\n  <div class=\"banner has-hover\" id=\"banner-2137849478\">\n          <div class=\"banner-inner fill\">\n        <div class=\"banner-bg fill\" >\n            <div class=\"bg fill bg-fill bg-loaded\"><\/div>\n                                    \n            <div class=\"effect-sliding-glass bg-effect fill no-click\"><\/div>        <\/div>\n        <div class=\"banner-layers container\">\n            <div class=\"fill banner-link\"><\/div>            \n   <div id=\"text-box-148144376\" class=\"text-box banner-layer x0 md-x0 lg-x0 y70 md-y70 lg-y70 res-text\">\n                                <div class=\"text-box-content text dark\">\n              \n              <div class=\"text-inner text-center\">\n                  \n<h3 class=\"uppercase\"><strong>GI\u1edaI THI\u1ec6U K\u1ef8 S\u01af \u0110I NH\u1eacT<\/strong><\/h3>\n              <\/div>\n           <\/div>\n                            \n<style>\n#text-box-148144376 {\n  width: 60%;\n}\n#text-box-148144376 .text-box-content {\n  font-size: 100%;\n}\n<\/style>\n    <\/div>\n \n        <\/div>\n      <\/div>\n\n            \n<style>\n#banner-2137849478 {\n  padding-top: 300px;\n}\n#banner-2137849478 .bg.bg-loaded {\n  background-image: url(https:\/\/tnc-connect.com\/vn\/wp-content\/uploads\/2021\/08\/tokyo-tower-at-night-ngkaki.jpg);\n}\n#banner-2137849478 .bg {\n  background-position: 96% 18%;\n}\n<\/style>\n  <\/div>\n\n\n<div class=\"row\"  id=\"row-729438709\">\n\n\t<div id=\"col-1779615459\" class=\"col small-12 large-12\"  >\n\t\t<div class=\"col-inner\"  >\n\t\t\t\n\t\t\t\n<h1 style=\"text-align: center;\">Visa k\u1ef9 s\u01b0 Nh\u1eadt B\u1ea3n l\u00e0 g\u00ec?<\/h1>\n<div class=\"row\"  id=\"row-1315823481\">\n\n\t<div id=\"col-29347057\" class=\"col small-12 large-12\"  >\n\t\t<div class=\"col-inner\"  >\n\t\t\t\n\t\t\t\n<p style=\"text-align: justify;\">Mu\u1ed1n \u0111\u1ebfn Nh\u1eadt l\u00e0m vi\u1ec7c th\u00ec b\u1ea1n c\u1ea7n c\u00f3 t\u01b0 c\u00e1ch l\u01b0u tr\u00fa t\u01b0\u01a1ng t\u1ef1 visa nh\u01b0ng c\u00f3 th\u1eddi h\u1ea1n d\u00e0i h\u01a1n t\u1eeb 6 th\u00e1ng tr\u1edf l\u00ean (ch\u00fang ta hay g\u1ecdi chung l\u00e0 visa). V\u1eady Visa k\u1ef9 s\u01b0 Nh\u1eadt B\u1ea3n l\u00e0 g\u00ec?<br \/>Visa k\u1ef9 s\u01b0 l\u00e0 1 trong s\u1ed1 c\u00e1c lo\u1ea1i visa lao \u0111\u1ed9ng c\u00f3 t\u01b0 c\u00e1ch v\u00e0 th\u1eddi h\u1ea1n l\u01b0u tr\u00fa cao nh\u1ea5t. (\u201c\u6280\u8853\u30fb\u4eba\u6587\u77e5\u8b58\u30fb\u56fd\u969b\u696d\u52d9\u201d.)<br \/>Ngo\u00e0i th\u1eddi h\u1ea1n l\u01b0u tr\u00fa ra th\u00ec v\u1edbi visa d\u1ea1ng k\u0129 s\u01b0, ng\u01b0\u1eddi lao \u0111\u1ed9ng c\u00f3 nhi\u1ec1u quy\u1ec1n l\u1ee3i v\u00e0 c\u01a1 h\u1ed9i h\u01a1n nh\u01b0:<\/p>\n<ul style=\"text-align: justify;\">\n<li>\u0110\u01b0\u1ee3c ph\u00e9p chuy\u1ec3n c\u00f4ng ty ho\u1eb7c t\u00ecm c\u00f4ng vi\u1ec7c kh\u00e1c th\u00edch h\u1ee3p li\u00ean quan \u0111\u1ebfn chuy\u00ean ng\u00e0nh trong qu\u00e1 tr\u00ecnh l\u00e0m vi\u1ec7c t\u1ea1i Nh\u1eadt<\/li>\n<li>C\u00f3 c\u01a1 h\u1ed9i \u0111\u01b0\u1ee3c v\u1ec1 Vi\u1ec7t Nam th\u0103m gia \u0111\u00ecnh n\u1ebfu c\u00f3 nhu c\u1ea7u v\u00e0 c\u00f3 \u0111i\u1ec1u ki\u1ec7n<\/li>\n<li>\u0110\u01b0\u1ee3c c\u01a1 h\u1ed9i \u0111\u1ecbnh c\u01b0 t\u1ea1i Nh\u1eadt B\u1ea3n<\/li>\n<li>\u0110\u01b0\u1ee3c b\u1ea3o l\u00e3nh ng\u01b0\u1eddi th\u00e2n sang c\u00f9ng sinh s\u1ed1ng \u1edf Nh\u1eadt<\/li>\n<li>M\u1ee9c l\u01b0\u01a1ng cao t\u01b0\u01a1ng t\u1ef1 lao \u0111\u1ed9ng ng\u01b0\u1eddi Nh\u1eadt<\/li>\n<\/ul>\n<h2 style=\"text-align: justify;\">\u0110i\u1ec1u ki\u1ec7n \u0111\u1ec3 xin c\u1ea5p Visa k\u1ef9 s\u01b0 \u0111i Nh\u1eadt<\/h2>\n<p style=\"text-align: justify;\">C\u0169ng gi\u1ed1ng nh\u01b0 c\u00e1c h\u00ecnh th\u1ee9c xin visa kh\u00e1c vi\u1ec7c xin visa \u0111i k\u1ef9 s\u01b0 Nh\u1eadt B\u1ea3n c\u0169ng c\u00f3 nh\u1eefng \u0111i\u1ec1u ki\u1ec7n chung v\u1ec1 \u0111\u1ed9 tu\u1ed5i, ngo\u1ea1i h\u00ecnh, s\u1ee9c kh\u1ecfe, tr\u00ecnh \u0111\u1ed9 Nh\u1eadt ng\u1eef, kinh nghi\u1ec7m\u2026 nh\u01b0ng \u0111i\u1ec1u \u0111\u1eb7c bi\u1ec7t l\u00e0 v\u1edbi Visa k\u1ef9 s\u01b0 th\u00ec h\u1ea7u h\u1ebft c\u00e1c y\u00eau c\u1ea7u n\u00e0y \u0111\u1ec1u kh\u00f4ng c\u00f3 quy \u0111\u1ecbnh b\u1eaft bu\u1ed9c m\u00e0 do c\u00e1c c\u00f4ng ty tuy\u1ec3n d\u1ee5ng \u0111\u01b0a ra, th\u00f4ng th\u01b0\u1eddng l\u00e0:<\/p>\n<ul style=\"text-align: justify;\">\n<li>V\u1ec1 \u0111\u1ed9 tu\u1ed5i: Th\u00f4ng th\u01b0\u1eddng t\u1eeb 21 \u0111\u1ebfn 35 tu\u1ed5i (c\u00f3 \u0111\u01a1n h\u00e0ng nh\u1eadn \u0111\u1ebfn 40 tu\u1ed5i)<\/li>\n<li>Ngo\u1ea1i h\u00ecnh: ngo\u1ea1i h\u00ecnh k\u1ef9 s\u01b0 \u0111i Nh\u1eadt kh\u00f4ng qu\u00e1 kh\u1eaft khe so v\u1edbi \u0111i XKL\u0110 Nh\u1eadt B\u1ea3n v\u00ec di\u1ec7n k\u1ef9 s\u01b0 ch\u1ee7 y\u1ebfu l\u00e0 s\u1eed d\u1ee5ng tr\u00ed \u00f3c \u0111\u1ec3 l\u00e0m vi\u1ec7c. Th\u00f4ng th\u01b0\u1eddng ch\u1ec9 c\u1ea7n v\u1edbi nam ch\u1ec9 c\u1ea7n cao tr\u00ean 160cm n\u1eb7ng t\u1eeb 50kg v\u00e0 n\u1eef l\u00e0 150cm v\u00e0 n\u1eb7ng tr\u00ean 45kg.<\/li>\n<li>S\u1ee9c kh\u1ecfe: Kh\u00f4ng m\u1eafc c\u00e1c b\u1ec7nh truy\u1ec1n nhi\u1ec5m nh\u01b0 lao ph\u1ed5i, l\u1eadu, HIV, vi\u00eam gan B\u2026 th\u1ecb l\u1ef1c t\u1eeb 6\/10 ho\u1eb7c cao h\u01a1n t\u00f9y ngh\u00e0nh ngh\u1ec1.<\/li>\n<li>B\u1eb1ng c\u1ea5p: Tr\u00ecnh \u0111\u1ed9 k\u1ef9 s\u01b0 theo quy \u0111\u1ecbnh s\u1ebd c\u1ea7n B\u1eb1ng t\u1eeb cao \u0111\u1eb3ng, \u0111\u1ea1i h\u1ecdc ch\u00ednh quy c\u00f3 chuy\u00ean ng\u00e0nh ph\u00f9 h\u1ee3p v\u1edbi c\u00f4ng vi\u1ec7c m\u00e0 b\u00ean Nh\u1eadt tuy\u1ec3n d\u1ee5ng.<\/li>\n<li>Tr\u00ecnh \u0111\u1ed9 Nh\u1eadt ng\u1eef: nhi\u1ec1u \u0111\u01a1n h\u00e0ng k\u1ef9 s\u01b0 \u0111i Nh\u1eadt kh\u00f4ng y\u00eau c\u1ea7u tr\u00ecnh \u0111\u1ed9 ti\u1ebfng ho\u1eb7c ch\u1ec9 c\u1ea7n t\u1eeb N4 (\u0111\u01b0\u1ee3c \u0111\u00e0o t\u1ea1o ri\u00eang). Tuy nhi\u00ean n\u1ebfu b\u1ea1n c\u00f3 tr\u00ecnh \u0111\u1ed9 ti\u1ebfng Nh\u1eadt c\u00e0ng cao th\u00ec kh\u1ea3 n\u0103ng tr\u00fang \u0111\u01a1n h\u00e0ng c\u00e0ng cao, chi ph\u00ed th\u1ea5p v\u00e0 th\u1eddi gian c\u0169ng nhanh h\u01a1n.<\/li>\n<li>Kinh nghi\u1ec7m l\u00e0m vi\u1ec7c: T\u00f9y theo t\u1eebng \u0111\u01a1n h\u00e0ng, t\u1eebng l\u0129nh v\u1ef1c m\u00e0 nh\u00e0 tuy\u1ec3n d\u1ee5ng c\u00f3 y\u00eau c\u1ea7u kinh nghi\u1ec7m l\u00e0m vi\u1ec7c hay kh\u00f4ng. T\u1ed1t nh\u1ea5t l\u00e0 sau khi c\u00e1c b\u1ea1n h\u1ecdc xong th\u00ec l\u00e0m \u1edf Vi\u1ec7t Nam 1-2 n\u0103m, sau khi c\u00f3 kinh nghi\u1ec7m l\u00e0m vi\u1ec7c r\u1ed3i th\u00ec thi thi tuy\u1ec3n d\u1ec5 \u0111\u1eadu, m\u1ee9c l\u01b0\u01a1ng s\u1ebd cao h\u01a1n v\u00e0 sang Nh\u1eadt s\u1ebd d\u1ec5 d\u00e0ng th\u00edch nghi v\u1edbi c\u00f4ng vi\u1ec7c h\u01a1n.<\/li>\n<li>H\u00e0nh vi d\u00e2n s\u1ef1: \u1ee8ng vi\u00ean c\u1ea7n c\u00f3 \u0111\u1ea7y \u0111\u1ee7 n\u0103ng l\u1ef1c, h\u00e0nh vi d\u00e2n s\u1ef1: L\u00e0 ng\u01b0\u1eddi c\u00f3 \u00fd th\u1ee9c ch\u1ea5p h\u00e0nh ph\u00e1p lu\u1eadt, t\u01b0 ch\u1ea5t \u0111\u1ea1o \u0111\u1ee9c t\u1ed1t. Kh\u00f4ng c\u00f3 ti\u1ec1n \u00e1n, ti\u1ec1n s\u1ef1\u2026 Kh\u00f4ng thu\u1ed9c di\u1ec7n c\u1ea5m xu\u1ea5t nh\u1eadp c\u1ea3nh theo quy \u0111\u1ecbnh c\u1ee7a ph\u00e1p lu\u1eadt Vi\u1ec7t Nam\/ Nh\u1eadt B\u1ea3n<br \/>Tr\u00ean \u0111\u00e2y l\u00e0 nh\u1eefng \u0111i\u1ec1u ki\u1ec7n c\u01a1 b\u1ea3n \u0111\u1ec3 \u0111i Nh\u1eadt di\u1ec7n k\u1ef9 s\u01b0 m\u1edbi nh\u1ea5t 2019. N\u1ebfu \u0111\u1ea1t h\u1ebft t\u1ea5t c\u1ea3 c\u00e1c \u0111i\u1ec1u ki\u1ec7n tr\u00ean th\u00ec kh\u1ea3 n\u0103ng \u0111\u1eadu ph\u1ecfng v\u1ea5n \u0111i Nh\u1eadt c\u1ee7a b\u1ea1n l\u00e0 r\u1ea5t cao. Tuy nhi\u00ean, nh\u01b0 \u0111\u00e3 n\u00f3i, c\u00e1c quy \u0111\u1ecbnh n\u00e0y ho\u1eb7c c\u00f3 th\u00eam n\u1eefa ho\u00e0n to\u00e0n ph\u1ee5 thu\u1ed9c v\u00e0o ng\u00e0nh ngh\u1ec1 v\u00e0 c\u00f4ng ty tuy\u1ec3n d\u1ee5ng \u0111\u01b0a ra n\u00ean s\u1ebd c\u00f3 quy \u0111\u1ecbnh kh\u00e1c nhau t\u1eeb theo tin tuy\u1ec3n d\u1ee5ng. B\u1ea1n h\u00e3y li\u00ean h\u1ec7 Growupwork.com \u0111\u1ec3 \u0111\u01b0\u1ee3c h\u1ed7 tr\u1ee3 c\u1ee5 th\u1ec3 th\u00eam nh\u00e9.<\/li>\n<\/ul>\n<h2 style=\"text-align: justify;\">T\u00f4i c\u00f3 th\u1ec3 t\u1ef1 m\u00ecnh xin visa k\u1ef9 s\u01b0 \u0111\u01b0\u1ee3c kh\u00f4ng? Xin \u1edf \u0111\u00e2u?<\/h2>\n<p style=\"text-align: justify;\">Hi\u1ec7n t\u1ea1i c\u00e1c c\u00f4ng ty ti\u1ebfp nh\u1eadn b\u1ea1n \u1edf Nh\u1eadt s\u1ebd ph\u1ea3i l\u00e0m h\u1ed3 s\u01a1 b\u1ea3o l\u00e3nh v\u00e0 cam k\u1ebft \u0111\u1ec3 xin t\u01b0 c\u00e1ch l\u01b0u tr\u00fa n\u00e0y cho b\u1ea1n. N\u1ebfu \u0111\u1eadu ph\u1ecfng v\u1ea5n b\u1ea1n s\u1ebd cung c\u1ea5p m\u1ed9t s\u1ed1 gi\u1ea5y t\u1edd c\u00e1 nh\u00e2n theo y\u00eau c\u1ea7u c\u1ee7a c\u00f4ng ty l\u00e0 \u0111\u01b0\u1ee3c. Hi\u1ebfm c\u00f3 c\u00e1 nh\u00e2n n\u00e0o \u1edf VN t\u1ef1 t\u00fac xin t\u01b0 c\u00e1ch l\u01b0u tr\u00fa d\u1ea1ng n\u00e0y \u0111\u1ec3 l\u00e0m visa sang Nh\u1eadt.<\/p>\n<h3 style=\"text-align: justify;\">Th\u00f4ng th\u01b0\u1eddng th\u00ec:<\/h3>\n<ul style=\"text-align: justify;\">\n<li>\u0110i theo di\u1ec7n visa th\u1ef1c t\u1eadp sinh th\u00ec x\u00ed nghi\u1ec7p v\u00e0 nghi\u1ec7p \u0111o\u00e0n c\u00f3 th\u1ea9m quy\u1ec1n b\u00ean Nh\u1eadt t\u1ef1 l\u00e0m h\u1ebft, khi c\u00f3 t\u01b0 c\u00e1ch l\u01b0u tr\u00fa r\u1ed3i th\u00ec cty XKL\u0110 Nh\u1eadt B\u1ea3n \u1edf VN xin visa r\u1ea5t \u0111\u01a1n gi\u1ea3n.<\/li>\n<li>\u0110i theo di\u1ec7n visa k\u1ef9 s\u01b0, k\u1ef9 thu\u1eadt vi\u00ean Nh\u1eadt B\u1ea3n th\u00ec c\u00f4ng ty tuy\u1ec3n d\u1ee5ng b\u00ean Nh\u1eadt c\u0169ng t\u1ef1 l\u00e0m h\u1ebft. Th\u01b0\u1eddng th\u00ec c\u1ee5c Xu\u1ea5t nh\u1eadp c\u1ea3nh b\u00ean Nh\u1eadt ch\u1ec9 tin v\u00e0 l\u00e0m vi\u1ec7c v\u1edbi c\u00f4ng ty ti\u1ebfp nh\u1eadn t\u1ea1i Nh\u1eadt, h\u1ed3 s\u01a1 g\u00ec th\u00ec y\u00eau c\u1ea7u cty v\u00e0 cty s\u1ebd y\u00eau c\u1ea7u b\u1ea1n g\u1eedi sang.<\/li>\n<\/ul>\n<p style=\"text-align: justify;\">Nh\u01b0 v\u1eady, \u0111\u1ec3 xin visa k\u1ef9 s\u01b0 \u0111i Nh\u1eadt th\u00ec b\u1ea1n ph\u1ea3i \u0111\u01b0\u1ee3c s\u1ef1 ch\u1ea5p nh\u1eadn (tuy\u1ec3n d\u1ee5ng) c\u1ee7a m\u1ed9t c\u00f4ng ty Nh\u1eadt B\u1ea3n, c\u00f2n l\u1ea1i c\u00e1c th\u1ee7 t\u1ee5c kh\u00e1c c\u00f4ng ty s\u1ebd h\u1ed7 tr\u1ee3 b\u1ea1n th\u1ef1c hi\u1ec7n h\u1ebft. Ngo\u00e0i ra, n\u1ebfu kh\u00f4ng r\u00e0nh c\u00e1c th\u1ee7 t\u1ee5c ho\u1eb7c ti\u1ebfng Nh\u1eadt, b\u1ea1n n\u00ean th\u00f4ng qua c\u00e1c c\u00f4ng ty gi\u1edbi thi\u1ec7u, m\u00f4i gi\u1edbi vi\u1ec7c l\u00e0m uy t\u00edn t\u1ea1i Vi\u1ec7t Nam. H\u1ecd s\u1ebd h\u1ed7 tr\u1ee3 tr\u1ef1c ti\u1ebfp cho b\u1ea1n v\u00e0 l\u00e0m vi\u1ec7c v\u1edbi c\u00e1c c\u00f4ng ty Nh\u1eadt nhanh h\u01a1n, chi ph\u00ed th\u01b0\u1eddng kh\u00f4ng cao v\u00e0 \u0111\u1eb7c bi\u1ec7t l\u00e0 ho\u00e0n to\u00e0n Mi\u1ec5n Ph\u00ed t\u1ea1i Growupwork.com nh\u00e9!<\/p>\n<h2 style=\"text-align: justify;\">Th\u1eddi h\u1ea1n l\u01b0u tr\u00fa t\u1ed1i \u0111a c\u1ee7a Visa k\u1ef9 s\u01b0 t\u1ea1i Nh\u1eadt l\u00e0 bao l\u00e2u?<\/h2>\n<p style=\"text-align: justify;\">N\u1ebfu nh\u01b0 c\u00e1c lo\u1ea1i visa \u0111i xu\u1ea5t kh\u1ea9u lao \u0111\u1ed9ng Nh\u1eadt B\u1ea3n th\u00f4ng th\u01b0\u1eddng c\u00f3 th\u1eddi h\u1ea1n trung b\u00ecnh 1-3 n\u0103m (hi\u1ec7n nay \u0111\u00e3 \u0111\u01b0\u1ee3c t\u0103ng l\u00ean t\u1ed1i \u0111a 5 n\u0103m), th\u00ec th\u1eddi h\u1ea1n visa theo di\u1ec7n k\u1ef9 s\u01b0 c\u00f3 th\u1ec3 t\u00f9y v\u00e0o n\u0103ng l\u1ef1c, mong mu\u1ed1n v\u00e0 lo\u1ea1i c\u00f4ng vi\u1ec7c b\u1ea1n \u0111\u1ea3m nh\u1eadn c\u00f3 th\u1ec3 \u0111\u01b0\u1ee3c gia h\u1ea1n li\u00ean t\u1ee5c. N\u00f3i c\u00e1ch kh\u00e1c visa k\u1ef9 s\u01b0 \u0111i Nh\u1eadt l\u00e0 d\u1ea1ng v\u00f4 th\u1eddi h\u1ea1n. N\u1ebfu b\u1ea1n l\u00e0m vi\u1ec7c t\u1ed1t, tay ngh\u1ec1 cao, ti\u1ebfng Nh\u1eadt c\u1ea3i thi\u1ec7n nhanh v\u00e0 kh\u00f4ng ph\u1ea1m ph\u00e1p g\u00ec th\u00ec r\u1ea5t d\u1ec5 \u0111\u01b0\u1ee3c xin gia h\u1ea1n ho\u1eb7c \u1edf l\u1ea1i Nh\u1eadt.<\/p>\n<p style=\"text-align: justify;\">Th\u1eddi h\u1ea1n c\u1ee7a visa n\u00e0y kh\u00e1 d\u00e0i, t\u1ed1i thi\u1ec3u l\u00e0 1 n\u0103m. Sau 1 n\u0103m s\u1ebd ph\u1ea3i gia h\u1ea1n visa m\u1ed9t l\u1ea7n. Th\u01b0\u1eddng th\u00ec c\u1ee5c xu\u1ea5t nh\u1eadp c\u1ea3nh s\u1ebd xem x\u00e9t qu\u00e1 tr\u00ecnh c\u00e1c b\u1ea1n s\u1ed1ng \u1edf Nh\u1eadt \u0111\u1ec3 ti\u1ebfp t\u1ee5c gia h\u1ea1n t\u01b0 c\u00e1ch l\u01b0u tr\u00fa cho c\u00e1c b\u1ea1n.<\/p>\n<h2 style=\"text-align: justify;\">Chi ph\u00ed xin gia h\u1ea1n Visa k\u1ef9 s\u01b0 t\u1ea1i Nh\u1eadt l\u00e0 bao nhi\u00eau?<\/h2>\n<ul style=\"text-align: justify;\">\n<li>Ph\u00ed n\u1ed9p cho C\u1ee5c Xu\u1ea5t nh\u1eadp c\u1ea3nh: 4.000 y\u00ean (Kho\u1ea3ng 850.000 \u0111\u1ed3ng)<\/li>\n<li>Gi\u1edd l\u00e0m vi\u1ec7c: C\u1ee5c qu\u1ea3n l\u00fd xu\u1ea5t nh\u1eadp c\u1ea3nh \u0111\u1ecba ph\u01b0\u01a1ng ngh\u1ec9 v\u00e0o th\u1ee9 7, ch\u1ee7 nh\u1eadt, ng\u00e0y l\u1ec5 v\u00e0 nh\u1eefng ng\u00e0y ngh\u1ec9 d\u1ecbp T\u1ebft d\u01b0\u01a1ng l\u1ecbch (29\/12 \u0111\u1ebfn 3\/1).<\/li>\n<li>Th\u1eddi gian ho\u00e0n t\u1ea5t: kho\u1ea3ng 15 \u0111\u1ebfn 30 ng\u00e0y. N\u00ean tr\u01b0\u1edbc khi s\u1eafp h\u1ebft th\u1eddi h\u1ea1n l\u01b0u tr\u00fa (1 \u0111\u1ebfn 3 th\u00e1ng) b\u1ea1n c\u1ea7n ch\u1ee7 \u0111\u1ed9ng ti\u1ebfn h\u00e0nh l\u00e0m th\u1ee7 t\u1ee5c gia h\u1ea1n t\u1ea1i c\u1ee5c qu\u1ea3n l\u00fd xu\u1ea5t nh\u1eadp c\u1ea3nh \u0111\u1ecba ph\u01b0\u01a1ng n\u01a1i b\u1ea1n c\u01b0 tr\u00fa b\u00ean Nh\u1eadt, n\u1ebfu kh\u00f4ng s\u1ebd b\u1ecb tr\u1ee5c xu\u1ea5t v\u1ec1 n\u01b0\u1edbc. C\u1ee5c xu\u1ea5t nh\u1eadp c\u1ea3nh Nh\u1eadt B\u1ea3n s\u1ebd ti\u1ebfn h\u00e0nh \u0111i\u1ec1u tra, xem x\u00e9t t\u1edbi kho\u1ea3ng th\u1eddi gian b\u1ea1n \u0111\u00e3 \u1edf Nh\u1eadt sinh s\u1ed1ng v\u00e0 l\u00e0m vi\u1ec7c \u0111\u1ec3 quy\u1ebft \u0111\u1ecbnh xem c\u00f3 gia h\u1ea1n hay kh\u00f4ng.<br \/>C\u00e1c b\u1ea1n l\u01b0u \u00fd \u0111\u1ec3 kh\u00f4ng l\u1ee1 th\u1eddi gian n\u1ed9p \u0111\u01a1n gia h\u1ea1n visa, \u0111\u01a1n xin b\u1ea3o l\u00e3nh nh\u00e9!<\/li>\n<\/ul>\n<h2 style=\"text-align: justify;\">K\u1ebft lu\u1eadn<\/h2>\n<p style=\"text-align: justify;\">X\u00e9t v\u1ec1 c\u00e1c \u0111i\u1ec1u ki\u1ec7n, l\u1ee3i \u00edch c\u0169ng nh\u01b0 th\u1eddi h\u1ea1n visa nh\u01b0 \u0111\u00e3 n\u00eau tr\u00ean n\u1ebfu b\u1ea1n ch\u1ecdn \u0111i Nh\u1eadt l\u00e0m di\u1ec7n k\u1ef9 s\u01b0 th\u00ec \u0111\u00e2y ch\u00ednh l\u00e0 s\u1ef1 l\u1ef1a ch\u1ecdn t\u1ed1t nh\u1ea5t, n\u1ebfu b\u1ea1n bi\u1ebft ti\u1ebfng Nh\u1eadt kh\u00e1 v\u00e0 tr\u00ecnh \u0111\u1ed9 tay ngh\u1ec1 k\u1ef9 thu\u1eadt t\u1ed1t th\u00ec s\u1ebd l\u00e0 m\u1ed9t c\u01a1 h\u1ed9i tuy\u1ec7t v\u1eddi cho c\u00e1c b\u1ea1n ph\u00e1t tri\u1ec3n t\u01b0\u01a1ng lai v\u00e0 \u0111\u1ecbnh c\u01b0 lu\u00f4n t\u1ea1i Nh\u1eadt B\u1ea3n.<\/p>\n\t\t<\/div>\n\t\t\t<\/div>\n\n\t\n<\/div>\n\t\t<\/div>\n\t\t\t<\/div>\n\n\t\n<\/div>\n","protected":false},"excerpt":{"rendered":"","protected":false},"author":2,"featured_media":0,"parent":0,"menu_order":0,"comment_status":"closed","ping_status":"closed","template":"page-blank.php","meta":[],"yoast_head":"<!-- This site is optimized with the Yoast SEO plugin v16.9 - https:\/\/yoast.com\/wordpress\/plugins\/seo\/ -->\n<title>Gi\u1edbi thi\u1ec7u k\u1ef9 s\u01b0 \u0111i Nh\u1eadt - TNC Connect<\/title>\n<meta name=\"robots\" content=\"index, follow, max-snippet:-1, max-image-preview:large, max-video-preview:-1\" \/>\n<link rel=\"canonical\" href=\"https:\/\/tnc-connect.com\/vn\/gioi-thieu-ky-su-di-nhat\/\" \/>\n<meta property=\"og:locale\" content=\"vi_VN\" \/>\n<meta property=\"og:type\" content=\"article\" \/>\n<meta property=\"og:title\" content=\"Gi\u1edbi thi\u1ec7u k\u1ef9 s\u01b0 \u0111i Nh\u1eadt - TNC Connect\" \/>\n<meta property=\"og:url\" content=\"https:\/\/tnc-connect.com\/vn\/gioi-thieu-ky-su-di-nhat\/\" \/>\n<meta property=\"og:site_name\" content=\"TNC Connect\" \/>\n<meta property=\"article:modified_time\" content=\"2021-08-25T11:07:41+00:00\" \/>\n<meta property=\"og:image\" content=\"https:\/\/tnc-connect.com\/vn\/wp-content\/uploads\/2022\/03\/logo5.png\" \/>\n\t<meta property=\"og:image:width\" content=\"2012\" \/>\n\t<meta property=\"og:image:height\" content=\"1484\" \/>\n<meta name=\"twitter:card\" content=\"summary_large_image\" \/>\n<meta name=\"twitter:label1\" content=\"\u01af\u1edbc t\u00ednh th\u1eddi gian \u0111\u1ecdc\" \/>\n\t<meta name=\"twitter:data1\" content=\"6 ph\u00fat\" \/>\n<script type=\"application\/ld+json\" class=\"yoast-schema-graph\">{\"@context\":\"https:\/\/schema.org\",\"@graph\":[{\"@type\":\"WebSite\",\"@id\":\"https:\/\/tnc-connect.com\/vn\/#website\",\"url\":\"https:\/\/tnc-connect.com\/vn\/\",\"name\":\"TNC Connect\",\"description\":\"\",\"potentialAction\":[{\"@type\":\"SearchAction\",\"target\":{\"@type\":\"EntryPoint\",\"urlTemplate\":\"https:\/\/tnc-connect.com\/vn\/?s={search_term_string}\"},\"query-input\":\"required name=search_term_string\"}],\"inLanguage\":\"vi\"},{\"@type\":\"WebPage\",\"@id\":\"https:\/\/tnc-connect.com\/vn\/gioi-thieu-ky-su-di-nhat\/#webpage\",\"url\":\"https:\/\/tnc-connect.com\/vn\/gioi-thieu-ky-su-di-nhat\/\",\"name\":\"Gi\\u1edbi thi\\u1ec7u k\\u1ef9 s\\u01b0 \\u0111i Nh\\u1eadt - TNC Connect\",\"isPartOf\":{\"@id\":\"https:\/\/tnc-connect.com\/vn\/#website\"},\"datePublished\":\"2021-08-25T10:27:58+00:00\",\"dateModified\":\"2021-08-25T11:07:41+00:00\",\"breadcrumb\":{\"@id\":\"https:\/\/tnc-connect.com\/vn\/gioi-thieu-ky-su-di-nhat\/#breadcrumb\"},\"inLanguage\":\"vi\",\"potentialAction\":[{\"@type\":\"ReadAction\",\"target\":[\"https:\/\/tnc-connect.com\/vn\/gioi-thieu-ky-su-di-nhat\/\"]}]},{\"@type\":\"BreadcrumbList\",\"@id\":\"https:\/\/tnc-connect.com\/vn\/gioi-thieu-ky-su-di-nhat\/#breadcrumb\",\"itemListElement\":[{\"@type\":\"ListItem\",\"position\":1,\"name\":\"Trang ch\\u1ee7\",\"item\":\"https:\/\/tnc-connect.com\/vn\/\"},{\"@type\":\"ListItem\",\"position\":2,\"name\":\"Gi\\u1edbi thi\\u1ec7u k\\u1ef9 s\\u01b0 \\u0111i Nh\\u1eadt\"}]}]}<\/script>\n<!-- \/ Yoast SEO plugin. -->","yoast_head_json":{"title":"Gi\u1edbi thi\u1ec7u k\u1ef9 s\u01b0 \u0111i Nh\u1eadt - TNC Connect","robots":{"index":"index","follow":"follow","max-snippet":"max-snippet:-1","max-image-preview":"max-image-preview:large","max-video-preview":"max-video-preview:-1"},"canonical":"https:\/\/tnc-connect.com\/vn\/gioi-thieu-ky-su-di-nhat\/","og_locale":"vi_VN","og_type":"article","og_title":"Gi\u1edbi thi\u1ec7u k\u1ef9 s\u01b0 \u0111i Nh\u1eadt - TNC Connect","og_url":"https:\/\/tnc-connect.com\/vn\/gioi-thieu-ky-su-di-nhat\/","og_site_name":"TNC Connect","article_modified_time":"2021-08-25T11:07:41+00:00","og_image":[{"width":2012,"height":1484,"url":"https:\/\/tnc-connect.com\/vn\/wp-content\/uploads\/2022\/03\/logo5.png","path":"\/home\/tncconnec\/domains\/tnc-connect.com\/public_html\/vn\/wp-content\/uploads\/2022\/03\/logo5.png","size":"full","id":746,"alt":"","pixels":2985808,"type":"image\/png"}],"twitter_card":"summary_large_image","twitter_misc":{"\u01af\u1edbc t\u00ednh th\u1eddi gian \u0111\u1ecdc":"6 ph\u00fat"},"schema":{"@context":"https:\/\/schema.org","@graph":[{"@type":"WebSite","@id":"https:\/\/tnc-connect.com\/vn\/#website","url":"https:\/\/tnc-connect.com\/vn\/","name":"TNC Connect","description":"","potentialAction":[{"@type":"SearchAction","target":{"@type":"EntryPoint","urlTemplate":"https:\/\/tnc-connect.com\/vn\/?s={search_term_string}"},"query-input":"required name=search_term_string"}],"inLanguage":"vi"},{"@type":"WebPage","@id":"https:\/\/tnc-connect.com\/vn\/gioi-thieu-ky-su-di-nhat\/#webpage","url":"https:\/\/tnc-connect.com\/vn\/gioi-thieu-ky-su-di-nhat\/","name":"Gi\u1edbi thi\u1ec7u k\u1ef9 s\u01b0 \u0111i Nh\u1eadt - TNC Connect","isPartOf":{"@id":"https:\/\/tnc-connect.com\/vn\/#website"},"datePublished":"2021-08-25T10:27:58+00:00","dateModified":"2021-08-25T11:07:41+00:00","breadcrumb":{"@id":"https:\/\/tnc-connect.com\/vn\/gioi-thieu-ky-su-di-nhat\/#breadcrumb"},"inLanguage":"vi","potentialAction":[{"@type":"ReadAction","target":["https:\/\/tnc-connect.com\/vn\/gioi-thieu-ky-su-di-nhat\/"]}]},{"@type":"BreadcrumbList","@id":"https:\/\/tnc-connect.com\/vn\/gioi-thieu-ky-su-di-nhat\/#breadcrumb","itemListElement":[{"@type":"ListItem","position":1,"name":"Trang ch\u1ee7","item":"https:\/\/tnc-connect.com\/vn\/"},{"@type":"ListItem","position":2,"name":"Gi\u1edbi thi\u1ec7u k\u1ef9 s\u01b0 \u0111i Nh\u1eadt"}]}]}},"_links":{"self":[{"href":"https:\/\/tnc-connect.com\/vn\/wp-json\/wp\/v2\/pages\/678"}],"collection":[{"href":"https:\/\/tnc-connect.com\/vn\/wp-json\/wp\/v2\/pages"}],"about":[{"href":"https:\/\/tnc-connect.com\/vn\/wp-json\/wp\/v2\/types\/page"}],"author":[{"embeddable":true,"href":"https:\/\/tnc-connect.com\/vn\/wp-json\/wp\/v2\/users\/2"}],"replies":[{"embeddable":true,"href":"https:\/\/tnc-connect.com\/vn\/wp-json\/wp\/v2\/comments?post=678"}],"version-history":[{"count":4,"href":"https:\/\/tnc-connect.com\/vn\/wp-json\/wp\/v2\/pages\/678\/revisions"}],"predecessor-version":[{"id":698,"href":"https:\/\/tnc-connect.com\/vn\/wp-json\/wp\/v2\/pages\/678\/revisions\/698"}],"wp:attachment":[{"href":"https:\/\/tnc-connect.com\/vn\/wp-json\/wp\/v2\/media?parent=678"}],"curies":[{"name":"wp","href":"https:\/\/api.w.org\/{rel}","templated":true}]}}