{"id":682,"date":"2021-08-25T17:38:59","date_gmt":"2021-08-25T10:38:59","guid":{"rendered":"https:\/\/tnc-connect.com\/vn\/?page_id=682"},"modified":"2022-03-22T11:21:44","modified_gmt":"2022-03-22T04:21:44","slug":"gioi-thieu-nhan-su-trong-nuoc","status":"publish","type":"page","link":"https:\/\/tnc-connect.com\/vn\/gioi-thieu-nhan-su-trong-nuoc\/","title":{"rendered":"Gi\u1edbi thi\u1ec7u nh\u00e2n s\u1ef1 trong n\u01b0\u1edbc"},"content":{"rendered":"<div class=\"slider-wrapper relative\" id=\"slider-1078386418\" >\n    <div class=\"slider slider-nav-circle slider-nav-large slider-nav-light slider-style-normal\"\n        data-flickity-options='{\n            \"cellAlign\": \"center\",\n            \"imagesLoaded\": true,\n            \"lazyLoad\": 1,\n            \"freeScroll\": false,\n            \"wrapAround\": true,\n            \"autoPlay\": 6000,\n            \"pauseAutoPlayOnHover\" : true,\n            \"prevNextButtons\": true,\n            \"contain\" : true,\n            \"adaptiveHeight\" : true,\n            \"dragThreshold\" : 10,\n            \"percentPosition\": true,\n            \"pageDots\": true,\n            \"rightToLeft\": false,\n            \"draggable\": true,\n            \"selectedAttraction\": 0.1,\n            \"parallax\" : 0,\n            \"friction\": 0.6        }'\n        >\n        \n\n  <div class=\"banner has-hover\" id=\"banner-1386618560\">\n          <div class=\"banner-inner fill\">\n        <div class=\"banner-bg fill\" >\n            <div class=\"bg fill bg-fill bg-loaded\"><\/div>\n                        <div class=\"overlay\"><\/div>            \n            <div class=\"effect-sliding-glass bg-effect fill no-click\"><\/div>        <\/div>\n        <div class=\"banner-layers container\">\n            <div class=\"fill banner-link\"><\/div>            \n   <div id=\"text-box-1855115676\" class=\"text-box banner-layer x0 md-x0 lg-x0 y85 md-y85 lg-y85 res-text\">\n                                <div class=\"text-box-content text dark\">\n              \n              <div class=\"text-inner text-center\">\n                  \n<h3><strong>GI\u1edaI THI\u1ec6U NH\u00c2N S\u1ef0 TRONG N\u01af\u1edaC<\/strong><\/h3>\n              <\/div>\n           <\/div>\n                            \n<style>\n#text-box-1855115676 {\n  width: 60%;\n}\n#text-box-1855115676 .text-box-content {\n  font-size: 100%;\n}\n<\/style>\n    <\/div>\n \n        <\/div>\n      <\/div>\n\n            \n<style>\n#banner-1386618560 {\n  padding-top: 300px;\n}\n#banner-1386618560 .bg.bg-loaded {\n  background-image: url(https:\/\/tnc-connect.com\/vn\/wp-content\/uploads\/2021\/08\/banner-1400x365.jpg);\n}\n#banner-1386618560 .overlay {\n  background-color: rgba(0, 0, 0, 0.05);\n}\n#banner-1386618560 .bg {\n  background-position: 67% 70%;\n}\n<\/style>\n  <\/div>\n\n\n     <\/div>\n\n     <div class=\"loading-spin dark large centered\"><\/div>\n\n     <\/div>\n\n\n<div class=\"row\"  id=\"row-211868228\">\n\n\t<div id=\"col-46563172\" class=\"col small-12 large-12\"  >\n\t\t<div class=\"col-inner\"  >\n\t\t\t\n\t\t\t\n<h1 style=\"text-align: justify;\">Tuy\u1ec3n d\u1ee5ng Nh\u00e2n s\u1ef1 c\u1ea5p cao<\/h1>\n<p style=\"text-align: justify;\">V\u1edbi nhi\u1ec1u n\u0103m ho\u1ea1t \u0111\u1ed9ng trong th\u1ecb tr\u01b0\u1eddng lao \u0111\u1ed9ng Vi\u1ec7t Nam, \u0111\u1ed9i ng\u0169 tuy\u1ec3n d\u1ee5ng Nh\u00e2n s\u1ef1 c\u1ea5p cao c\u1ee7a <a href=\"https:\/\/www.facebook.com\/TNC-Connect-Coltd-104524335282788\">TNC-Connect<\/a> \u0111\u00e3 c\u00f3 g\u00f3c nh\u00ecn r\u1ea5t t\u1ed5ng qu\u00e1t v\u1ec1 th\u1ecb tr\u01b0\u1eddng, c\u0169ng nh\u01b0 kh\u1ea3 n\u0103ng ti\u1ebfp c\u1eadn to l\u1edbn nh\u1eefng \u1ee9ng vi\u00ean ti\u1ec1m n\u0103ng cho c\u00e1c v\u1ecb tr\u00ed c\u1ea5p cao. C\u00e1c t\u1eadp \u0111o\u00e0n \u0111a qu\u1ed1c gia v\u00e0 c\u00f4ng ty n\u1ed9i \u0111\u1ecba c\u00f3 t\u00ean tu\u1ed5i \u0111\u1ec1u tin t\u01b0\u1edfng v\u00e0o kinh nghi\u1ec7m tuy\u1ec3n d\u1ee5ng nh\u00e2n t\u00e0i c\u1ee7a ch\u00fang t\u00f4i \u1edf h\u1ea7u h\u1ebft c\u00e1c l\u0129nh v\u1ef1c, ng\u00e0nh ngh\u1ec1 nh\u1eb1m tuy\u1ec3n d\u1ee5ng th\u00e0nh c\u00f4ng nh\u1eefng v\u1ecb tr\u00ed qu\u1ea3n l\u00fd ho\u1eb7c chuy\u00ean gia ph\u00f9 h\u1ee3p nh\u1ea5t. \u0110\u01b0\u1ee3c giao tr\u1ecdng tr\u00e1ch tuy\u1ec3n d\u1ee5ng nh\u1eefng v\u1ecb tr\u00ed chi\u1ebfn l\u01b0\u1ee3c l\u00e0 m\u1ed9t nhi\u1ec7m v\u1ee5 m\u00e0 TNC-Connect r\u1ea5t vinh d\u1ef1 \u0111\u00f3n nh\u1eadn, v\u00e0 b\u1eb1ng c\u00e1ch t\u1eadn d\u1ee5ng c\u00e1c th\u1ebf m\u1ea1nh c\u1ee7a m\u00ecnh, ch\u00fang t\u00f4i mong mu\u1ed1n c\u00f3 c\u01a1 h\u1ed9i h\u1ee3p t\u00e1c, tr\u1ee3 gi\u00fap doanh nghi\u1ec7p tr\u00ean t\u1eebng b\u01b0\u1edbc \u0111i \u0111\u1ec3 g\u1eb7t h\u00e1i k\u1ebft qu\u1ea3 t\u1ed1t nh\u1ea5t.<\/p>\n<figure id=\"attachment_737\" aria-describedby=\"caption-attachment-737\" style=\"width: 600px\" class=\"wp-caption aligncenter\"><img loading=\"lazy\" class=\"wp-image-737 size-medium\" src=\"https:\/\/tnc-connect.com\/vn\/wp-content\/uploads\/2021\/08\/interview-1-600x400.jpg\" alt=\"\" width=\"600\" height=\"400\" srcset=\"https:\/\/tnc-connect.com\/vn\/wp-content\/uploads\/2021\/08\/interview-1-600x400.jpg 600w, https:\/\/tnc-connect.com\/vn\/wp-content\/uploads\/2021\/08\/interview-1.jpg 612w\" sizes=\"(max-width: 600px) 100vw, 600px\" \/><figcaption id=\"caption-attachment-737\" class=\"wp-caption-text\">TNC-Connect gi\u1edbi thi\u1ec7u nh\u00e2n s\u1ef1 \u1edf c\u00e1c v\u1ecb tr\u00ed cao trong c\u00f4ng ty<\/figcaption><\/figure>\n<h2 style=\"text-align: justify;\">\u0110\u1ed9i ng\u0169 c\u1ee7a ch\u00fang t\u00f4i<\/h2>\n<p style=\"text-align: justify;\">\u0110\u1ed9i ng\u0169 chuy\u00ean vi\u00ean t\u01b0 v\u1ea5n c\u1ee7a d\u1ecbch v\u1ee5 tuy\u1ec3n d\u1ee5ng c\u1ea5p cao TNC-Connect r\u1ea5t c\u00f3 uy t\u00edn tr\u00ean th\u1ecb tr\u01b0\u1eddng nh\u1edd v\u00e0o kinh nghi\u1ec7m v\u00e0 ki\u1ebfn th\u1ee9c ng\u00e0nh chuy\u00ean bi\u1ec7t. \u0110\u1ec3 \u0111\u1ea3m b\u1ea3o kh\u00e1ch h\u00e0ng c\u1ee7a ch\u00fang t\u00f4i nh\u1eadn \u0111\u01b0\u1ee3c nh\u1eefng \u0111\u00e1nh gi\u00e1 kh\u00e1ch quan, \u0111\u00e1ng tin c\u1eady nh\u1ea5t c\u00f9ng nh\u1eefng l\u1ee3i th\u1ebf r\u00f5 r\u1ec7t trong l\u0129nh v\u1ef1c m\u00e0 h\u1ecd ho\u1ea1t \u0111\u1ed9ng, TNC-Connect y\u00eau c\u1ea7u m\u1ed7i chuy\u00ean vi\u00ean t\u01b0 v\u1ea5n ch\u1ec9 t\u1eadp trung chuy\u00ean s\u00e2u v\u00e0o m\u1ed9t ng\u00e0nh ngh\u1ec1 c\u1ee5 th\u1ec3. V\u1edbi ngu\u1ed3n d\u1eef li\u1ec7u t\u1eeb m\u1ea1ng l\u01b0\u1edbi \u1ee9ng vi\u00ean c\u1ea5p trung v\u00e0 qu\u1ea3n l\u00fd c\u1ea5p cao r\u00f4ng kh\u1eafp, kh\u00e1ch h\u00e0ng c\u1ee7a TNC-Connect \u0111\u00e1nh gi\u00e1 r\u1ea5t cao v\u1ec1 n\u1ec1n t\u1ea3ng am hi\u1ec3u th\u1ecb tr\u01b0\u1eddng, n\u1ed7 l\u1ef1c mang \u0111\u1ebfn k\u1ebft qu\u1ea3 t\u1ed1t nh\u1ea5t c\u00f9ng ch\u1ea5t l\u01b0\u1ee3ng d\u1ecbch v\u1ee5 kh\u00e1ch h\u00e0ng t\u1eadn t\u00e2m.<\/p>\n<h2 style=\"text-align: justify;\">Quy tr\u00ecnh \u1ee9ng tuy\u1ec3n<\/h2>\n<p style=\"text-align: justify;\"><strong>B\u01b0\u1edbc 1: G\u1eedi CV c\u1ee7a b\u1ea1n \u0111\u1ebfn TNC-Connect:<\/strong><\/p>\n<p style=\"text-align: justify;\">\u25ba support@tnc-connect.com<\/p>\n<p style=\"text-align: justify;\">Nh\u00e2n vi\u00ean ph\u1ee5 tr\u00e1ch c\u1ee7a ch\u00fang t\u00f4i s\u1ebd li\u00ean h\u1ec7 l\u1ea1i s\u1edbm nh\u1ea5t ngay khi c\u00f3 c\u00f4ng vi\u1ec7c ph\u00f9 h\u1ee3p v\u1edbi b\u1ea1n.<\/p>\n<p style=\"text-align: justify;\"><strong>B\u01b0\u1edbc 2: Nh\u1eadn \u0111\u01b0\u1ee3c h\u1ed3 s\u01a1 c\u1ee7a b\u1ea1n, nh\u00e2n vi\u00ean ph\u1ee5 tr\u00e1ch c\u1ee7a ch\u00fang t\u00f4i s\u1ebd ki\u1ec3m tra v\u00e0 duy\u1ec7t. N\u1ebfu \u0111\u1ea1t y\u00eau c\u1ea7u, ch\u00fang t\u00f4i s\u1ebd li\u00ean h\u1ec7 l\u1ea1i ngay v\u1edbi b\u1ea1n x\u00e1c nh\u1eadn th\u00f4ng tin v\u00e0 c\u00f9ng b\u1ea1n ho\u00e0n thi\u1ec7n h\u1ed3 s\u01a1.<\/strong><\/p>\n<p style=\"text-align: justify;\">B\u01b0\u1edbc 3: TNC-Connect ph\u1ecfng v\u1ea5n.<\/p>\n<p style=\"text-align: justify;\">B\u01b0\u1edbc 4: Ph\u1ecfng v\u1ea5n v\u1edbi <a href=\"https:\/\/tnc-connect.com\/vn\/tu-van-thanh-lap\/\">kh\u00e1ch h\u00e0ng c\u1ee7a ch\u00fang t\u00f4i<\/a>.<\/p>\n\t\t<\/div>\n\t\t\t<\/div>\n\n\t\n<\/div>\n","protected":false},"excerpt":{"rendered":"","protected":false},"author":2,"featured_media":0,"parent":0,"menu_order":0,"comment_status":"closed","ping_status":"closed","template":"page-blank.php","meta":[],"yoast_head":"<!-- This site is optimized with the Yoast SEO plugin v16.9 - https:\/\/yoast.com\/wordpress\/plugins\/seo\/ -->\n<title>Gi\u1edbi thi\u1ec7u nh\u00e2n s\u1ef1 trong n\u01b0\u1edbc - TNC Connect<\/title>\n<meta name=\"description\" content=\"V\u1edbi nhi\u1ec1u n\u0103m ho\u1ea1t \u0111\u1ed9ng trong th\u1ecb tr\u01b0\u1eddng gi\u1edbi thi\u1ec7u nh\u00e2n s\u1ef1, \u0111\u1ed9i ng\u0169 tuy\u1ec3n d\u1ee5ng Nh\u00e2n s\u1ef1 c\u1ea5p cao c\u1ee7a TNC-Connect \u0111\u00e3 c\u00f3 g\u00f3c nh\u00ecn r\u1ea5t...\" \/>\n<meta name=\"robots\" content=\"index, follow, max-snippet:-1, max-image-preview:large, max-video-preview:-1\" \/>\n<link rel=\"canonical\" href=\"https:\/\/tnc-connect.com\/vn\/gioi-thieu-nhan-su-trong-nuoc\/\" \/>\n<meta property=\"og:locale\" content=\"vi_VN\" \/>\n<meta property=\"og:type\" content=\"article\" \/>\n<meta property=\"og:title\" content=\"Gi\u1edbi thi\u1ec7u nh\u00e2n s\u1ef1 trong n\u01b0\u1edbc - TNC Connect\" \/>\n<meta property=\"og:description\" content=\"V\u1edbi nhi\u1ec1u n\u0103m ho\u1ea1t \u0111\u1ed9ng trong th\u1ecb tr\u01b0\u1eddng gi\u1edbi thi\u1ec7u nh\u00e2n s\u1ef1, \u0111\u1ed9i ng\u0169 tuy\u1ec3n d\u1ee5ng Nh\u00e2n s\u1ef1 c\u1ea5p cao c\u1ee7a TNC-Connect \u0111\u00e3 c\u00f3 g\u00f3c nh\u00ecn r\u1ea5t...\" \/>\n<meta property=\"og:url\" content=\"https:\/\/tnc-connect.com\/vn\/gioi-thieu-nhan-su-trong-nuoc\/\" \/>\n<meta property=\"og:site_name\" content=\"TNC Connect\" \/>\n<meta property=\"article:modified_time\" content=\"2022-03-22T04:21:44+00:00\" \/>\n<meta property=\"og:image\" content=\"https:\/\/tnc-connect.com\/vn\/wp-content\/uploads\/2021\/08\/interview-1-600x400.jpg\" \/>\n<meta name=\"twitter:card\" content=\"summary_large_image\" \/>\n<meta name=\"twitter:label1\" content=\"\u01af\u1edbc t\u00ednh th\u1eddi gian \u0111\u1ecdc\" \/>\n\t<meta name=\"twitter:data1\" content=\"3 ph\u00fat\" \/>\n<script type=\"application\/ld+json\" class=\"yoast-schema-graph\">{\"@context\":\"https:\/\/schema.org\",\"@graph\":[{\"@type\":\"WebSite\",\"@id\":\"https:\/\/tnc-connect.com\/vn\/#website\",\"url\":\"https:\/\/tnc-connect.com\/vn\/\",\"name\":\"TNC Connect\",\"description\":\"\",\"potentialAction\":[{\"@type\":\"SearchAction\",\"target\":{\"@type\":\"EntryPoint\",\"urlTemplate\":\"https:\/\/tnc-connect.com\/vn\/?s={search_term_string}\"},\"query-input\":\"required name=search_term_string\"}],\"inLanguage\":\"vi\"},{\"@type\":\"ImageObject\",\"@id\":\"https:\/\/tnc-connect.com\/vn\/gioi-thieu-nhan-su-trong-nuoc\/#primaryimage\",\"inLanguage\":\"vi\",\"url\":\"https:\/\/tnc-connect.com\/vn\/wp-content\/uploads\/2021\/08\/interview-1.jpg\",\"contentUrl\":\"https:\/\/tnc-connect.com\/vn\/wp-content\/uploads\/2021\/08\/interview-1.jpg\",\"width\":612,\"height\":408,\"caption\":\"Close up interviewer interview candidate apply for job at meeting room in office\"},{\"@type\":\"WebPage\",\"@id\":\"https:\/\/tnc-connect.com\/vn\/gioi-thieu-nhan-su-trong-nuoc\/#webpage\",\"url\":\"https:\/\/tnc-connect.com\/vn\/gioi-thieu-nhan-su-trong-nuoc\/\",\"name\":\"Gi\\u1edbi thi\\u1ec7u nh\\u00e2n s\\u1ef1 trong n\\u01b0\\u1edbc - TNC Connect\",\"isPartOf\":{\"@id\":\"https:\/\/tnc-connect.com\/vn\/#website\"},\"primaryImageOfPage\":{\"@id\":\"https:\/\/tnc-connect.com\/vn\/gioi-thieu-nhan-su-trong-nuoc\/#primaryimage\"},\"datePublished\":\"2021-08-25T10:38:59+00:00\",\"dateModified\":\"2022-03-22T04:21:44+00:00\",\"description\":\"V\\u1edbi nhi\\u1ec1u n\\u0103m ho\\u1ea1t \\u0111\\u1ed9ng trong th\\u1ecb tr\\u01b0\\u1eddng gi\\u1edbi thi\\u1ec7u nh\\u00e2n s\\u1ef1, \\u0111\\u1ed9i ng\\u0169 tuy\\u1ec3n d\\u1ee5ng Nh\\u00e2n s\\u1ef1 c\\u1ea5p cao c\\u1ee7a TNC-Connect \\u0111\\u00e3 c\\u00f3 g\\u00f3c nh\\u00ecn r\\u1ea5t...\",\"breadcrumb\":{\"@id\":\"https:\/\/tnc-connect.com\/vn\/gioi-thieu-nhan-su-trong-nuoc\/#breadcrumb\"},\"inLanguage\":\"vi\",\"potentialAction\":[{\"@type\":\"ReadAction\",\"target\":[\"https:\/\/tnc-connect.com\/vn\/gioi-thieu-nhan-su-trong-nuoc\/\"]}]},{\"@type\":\"BreadcrumbList\",\"@id\":\"https:\/\/tnc-connect.com\/vn\/gioi-thieu-nhan-su-trong-nuoc\/#breadcrumb\",\"itemListElement\":[{\"@type\":\"ListItem\",\"position\":1,\"name\":\"Trang ch\\u1ee7\",\"item\":\"https:\/\/tnc-connect.com\/vn\/\"},{\"@type\":\"ListItem\",\"position\":2,\"name\":\"Gi\\u1edbi thi\\u1ec7u nh\\u00e2n s\\u1ef1 trong n\\u01b0\\u1edbc\"}]}]}<\/script>\n<!-- \/ Yoast SEO plugin. -->","yoast_head_json":{"title":"Gi\u1edbi thi\u1ec7u nh\u00e2n s\u1ef1 trong n\u01b0\u1edbc - TNC Connect","description":"V\u1edbi nhi\u1ec1u n\u0103m ho\u1ea1t \u0111\u1ed9ng trong th\u1ecb tr\u01b0\u1eddng gi\u1edbi thi\u1ec7u nh\u00e2n s\u1ef1, \u0111\u1ed9i ng\u0169 tuy\u1ec3n d\u1ee5ng Nh\u00e2n s\u1ef1 c\u1ea5p cao c\u1ee7a TNC-Connect \u0111\u00e3 c\u00f3 g\u00f3c nh\u00ecn r\u1ea5t...","robots":{"index":"index","follow":"follow","max-snippet":"max-snippet:-1","max-image-preview":"max-image-preview:large","max-video-preview":"max-video-preview:-1"},"canonical":"https:\/\/tnc-connect.com\/vn\/gioi-thieu-nhan-su-trong-nuoc\/","og_locale":"vi_VN","og_type":"article","og_title":"Gi\u1edbi thi\u1ec7u nh\u00e2n s\u1ef1 trong n\u01b0\u1edbc - TNC Connect","og_description":"V\u1edbi nhi\u1ec1u n\u0103m ho\u1ea1t \u0111\u1ed9ng trong th\u1ecb tr\u01b0\u1eddng gi\u1edbi thi\u1ec7u nh\u00e2n s\u1ef1, \u0111\u1ed9i ng\u0169 tuy\u1ec3n d\u1ee5ng Nh\u00e2n s\u1ef1 c\u1ea5p cao c\u1ee7a TNC-Connect \u0111\u00e3 c\u00f3 g\u00f3c nh\u00ecn r\u1ea5t...","og_url":"https:\/\/tnc-connect.com\/vn\/gioi-thieu-nhan-su-trong-nuoc\/","og_site_name":"TNC Connect","article_modified_time":"2022-03-22T04:21:44+00:00","og_image":[{"url":"https:\/\/tnc-connect.com\/vn\/wp-content\/uploads\/2021\/08\/interview-1-600x400.jpg"}],"twitter_card":"summary_large_image","twitter_misc":{"\u01af\u1edbc t\u00ednh th\u1eddi gian \u0111\u1ecdc":"3 ph\u00fat"},"schema":{"@context":"https:\/\/schema.org","@graph":[{"@type":"WebSite","@id":"https:\/\/tnc-connect.com\/vn\/#website","url":"https:\/\/tnc-connect.com\/vn\/","name":"TNC Connect","description":"","potentialAction":[{"@type":"SearchAction","target":{"@type":"EntryPoint","urlTemplate":"https:\/\/tnc-connect.com\/vn\/?s={search_term_string}"},"query-input":"required name=search_term_string"}],"inLanguage":"vi"},{"@type":"ImageObject","@id":"https:\/\/tnc-connect.com\/vn\/gioi-thieu-nhan-su-trong-nuoc\/#primaryimage","inLanguage":"vi","url":"https:\/\/tnc-connect.com\/vn\/wp-content\/uploads\/2021\/08\/interview-1.jpg","contentUrl":"https:\/\/tnc-connect.com\/vn\/wp-content\/uploads\/2021\/08\/interview-1.jpg","width":612,"height":408,"caption":"Close up interviewer interview candidate apply for job at meeting room in office"},{"@type":"WebPage","@id":"https:\/\/tnc-connect.com\/vn\/gioi-thieu-nhan-su-trong-nuoc\/#webpage","url":"https:\/\/tnc-connect.com\/vn\/gioi-thieu-nhan-su-trong-nuoc\/","name":"Gi\u1edbi thi\u1ec7u nh\u00e2n s\u1ef1 trong n\u01b0\u1edbc - TNC Connect","isPartOf":{"@id":"https:\/\/tnc-connect.com\/vn\/#website"},"primaryImageOfPage":{"@id":"https:\/\/tnc-connect.com\/vn\/gioi-thieu-nhan-su-trong-nuoc\/#primaryimage"},"datePublished":"2021-08-25T10:38:59+00:00","dateModified":"2022-03-22T04:21:44+00:00","description":"V\u1edbi nhi\u1ec1u n\u0103m ho\u1ea1t \u0111\u1ed9ng trong th\u1ecb tr\u01b0\u1eddng gi\u1edbi thi\u1ec7u nh\u00e2n s\u1ef1, \u0111\u1ed9i ng\u0169 tuy\u1ec3n d\u1ee5ng Nh\u00e2n s\u1ef1 c\u1ea5p cao c\u1ee7a TNC-Connect \u0111\u00e3 c\u00f3 g\u00f3c nh\u00ecn r\u1ea5t...","breadcrumb":{"@id":"https:\/\/tnc-connect.com\/vn\/gioi-thieu-nhan-su-trong-nuoc\/#breadcrumb"},"inLanguage":"vi","potentialAction":[{"@type":"ReadAction","target":["https:\/\/tnc-connect.com\/vn\/gioi-thieu-nhan-su-trong-nuoc\/"]}]},{"@type":"BreadcrumbList","@id":"https:\/\/tnc-connect.com\/vn\/gioi-thieu-nhan-su-trong-nuoc\/#breadcrumb","itemListElement":[{"@type":"ListItem","position":1,"name":"Trang ch\u1ee7","item":"https:\/\/tnc-connect.com\/vn\/"},{"@type":"ListItem","position":2,"name":"Gi\u1edbi thi\u1ec7u nh\u00e2n s\u1ef1 trong n\u01b0\u1edbc"}]}]}},"_links":{"self":[{"href":"https:\/\/tnc-connect.com\/vn\/wp-json\/wp\/v2\/pages\/682"}],"collection":[{"href":"https:\/\/tnc-connect.com\/vn\/wp-json\/wp\/v2\/pages"}],"about":[{"href":"https:\/\/tnc-connect.com\/vn\/wp-json\/wp\/v2\/types\/page"}],"author":[{"embeddable":true,"href":"https:\/\/tnc-connect.com\/vn\/wp-json\/wp\/v2\/users\/2"}],"replies":[{"embeddable":true,"href":"https:\/\/tnc-connect.com\/vn\/wp-json\/wp\/v2\/comments?post=682"}],"version-history":[{"count":8,"href":"https:\/\/tnc-connect.com\/vn\/wp-json\/wp\/v2\/pages\/682\/revisions"}],"predecessor-version":[{"id":755,"href":"https:\/\/tnc-connect.com\/vn\/wp-json\/wp\/v2\/pages\/682\/revisions\/755"}],"wp:attachment":[{"href":"https:\/\/tnc-connect.com\/vn\/wp-json\/wp\/v2\/media?parent=682"}],"curies":[{"name":"wp","href":"https:\/\/api.w.org\/{rel}","templated":true}]}}